{"id":1288,"date":"2021-07-09T10:17:33","date_gmt":"2021-07-09T08:17:33","guid":{"rendered":"https:\/\/loturafilms.eus\/historia\/"},"modified":"2021-10-22T11:45:39","modified_gmt":"2021-10-22T09:45:39","slug":"historia","status":"publish","type":"page","link":"https:\/\/loturafilms.eus\/es\/historia\/","title":{"rendered":"Historia"},"content":{"rendered":"\n<h1>\n\t\tHISTORIA\n\t<\/h1>\n\t<p>Lotura films es una productora vasca de relatos, personajes, im\u00e1genes, voces, luces, ilustraciones, emociones e ideas.<\/p>\n<p>Vayamos al a\u00f1o 1992. El cineasta Juanba Berasategi fue el encargado de encender la antorcha de Lotura Films y desde entonces profesionales, amistades y colegas han participado en este proyecto audiovisual, desvelando y explorando los caminos m\u00e1s singulares.<\/p>\n<p>Hoy estamos enfocados en la animaci\u00f3n, la ilustraci\u00f3n y el documental; trabajamos en constante creaci\u00f3n, innovaci\u00f3n y colaboraci\u00f3n con el fin de crear nuevas historias, personajes, relatos y emociones a trav\u00e9s del cine en euskera.<\/p>\n<p>Desarrollamos con ah\u00ednco producciones propias y ofrecemos servicios especiales gracias a la diversidad de capacidades de nuestro equipo de trabajo en los diferentes \u00e1mbitos. Entre nuestros proyectos encontrar\u00e1s largometrajes, cortometrajes y series de televisi\u00f3n. Todos ellos se han desarrollado poniendo la innovaci\u00f3n y la calidad en el centro, de la mano de la creatividad, profesionalidad y honestidad en equipo.<\/p>\nEsta es una historia que va de mano en mano, desde la imagen a la emoci\u00f3n.\nLa casa de las historias. El hogar del cine en euskera.\n<h2>\n\t\tPROYECTOS POR A\u00d1OS\n\t<\/h2>\n\t\t\t\t\t\t\t\t\t\t\t<!-- Overlay Wrapper -->\n\t\t\t\t\t\t\t\t\t\tKalabaza Tripontzia <br \/> 1986\t\t\t\t\t\t\t\t\t\n\t\t\t\t\t\t <!-- Overlay Wrapper Closed -->\n\t\t\t\t\t\t\t\t\t\t\t<!-- Overlay Wrapper -->\n\t\t\t\t\t\t\t\t\t\tLotura Films-en sorrera <br \/> 1992\t\t\t\t\t\t\t\t\t\n\t\t\t\t\t\t <!-- Overlay Wrapper Closed -->\n\t\t\t\t\t\t\t\t\t\t\t<!-- Overlay Wrapper -->\n\t\t\t\t\t\t\t\t\t\tEmakunde <br \/> 1992\t\t\t\t\t\t\t\t\t\n\t\t\t\t\t\t <!-- Overlay Wrapper Closed -->\n\t\t\t\t\t\t\t\t\t\t\t<!-- Overlay Wrapper -->\n\t\t\t\t\t\t\t\t\t\tFernando Amezketarra <br \/> 1994-1996\t\t\t\t\t\t\t\t\t\n\t\t\t\t\t\t <!-- Overlay Wrapper Closed -->\n\t\t\t\t\t\t\t\t\t\t\t<!-- Overlay Wrapper -->\n\t\t\t\t\t\t\t\t\t\tLazkao Txiki <br \/>1997-1999\t\t\t\t\t\t\t\t\t\n\t\t\t\t\t\t <!-- Overlay Wrapper Closed -->\n\t\t\t\t\t\t\t\t\t\t\t<!-- Overlay Wrapper -->\n\t\t\t\t\t\t\t\t\t\tAhmed Alhambrako printzea <br \/> 1997\t\t\t\t\t\t\t\t\t\n\t\t\t\t\t\t <!-- Overlay Wrapper Closed -->\n\t\t\t\t\t\t\t\t\t\t\t<!-- Overlay Wrapper -->\n\t\t\t\t\t\t\t\t\t\tTxirrita <br \/>1999\t\t\t\t\t\t\t\t\t\n\t\t\t\t\t\t <!-- Overlay Wrapper Closed -->\n\t\t\t\t\t\t\t\t\t\t\t<!-- Overlay Wrapper -->\n\t\t\t\t\t\t\t\t\t\tKarramarro uhartea <br \/> 2000\t\t\t\t\t\t\t\t\t\n\t\t\t\t\t\t <!-- Overlay Wrapper Closed -->\n\t\t\t\t\t\t\t\t\t\t\t<!-- Overlay Wrapper -->\n\t\t\t\t\t\t\t\t\t\tAlhambrako giltza <br \/> 2003\t\t\t\t\t\t\t\t\t\n\t\t\t\t\t\t <!-- Overlay Wrapper Closed -->\n\t\t\t\t\t\t\t\t\t\t\t<!-- Overlay Wrapper -->\n\t\t\t\t\t\t\t\t\t\tTxirri, Mirri eta Txiribiton <br \/> 2005\t\t\t\t\t\t\t\t\t\n\t\t\t\t\t\t <!-- Overlay Wrapper Closed -->\n\t\t\t\t\t\t\t\t\t\t\t<!-- Overlay Wrapper -->\n\t\t\t\t\t\t\t\t\t\tReal politik <br \/> 2005\t\t\t\t\t\t\t\t\t\n\t\t\t\t\t\t <!-- Overlay Wrapper Closed -->\n\t\t\t\t\t\t\t\t\t\t\t<!-- Overlay Wrapper -->\n\t\t\t\t\t\t\t\t\t\tBarriola San Adriango Azeria <br \/> 2008\t\t\t\t\t\t\t\t\t\n\t\t\t\t\t\t <!-- Overlay Wrapper Closed -->\n\t\t\t\t\t\t\t\t\t\t\t<!-- Overlay Wrapper -->\n\t\t\t\t\t\t\t\t\t\tSimplemente <br \/> 2010\t\t\t\t\t\t\t\t\t\n\t\t\t\t\t\t <!-- Overlay Wrapper Closed -->\n\t\t\t\t\t\t\t\t\t\t\t<!-- Overlay Wrapper -->\n\t\t\t\t\t\t\t\t\t\tTormeseko itsumutila <br \/> 2012\t\t\t\t\t\t\t\t\t\n\t\t\t\t\t\t <!-- Overlay Wrapper Closed -->\n\t\t\t\t\t\t\t\t\t\t\t<!-- Overlay Wrapper -->\n\t\t\t\t\t\t\t\t\t\tUrtemuga opari bat<br \/>2013\t\t\t\t\t\t\t\t\t\n\t\t\t\t\t\t <!-- Overlay Wrapper Closed -->\n\t\t\t\t\t\t\t\t\t\t\t<!-- Overlay Wrapper -->\n\t\t\t\t\t\t\t\t\t\tUn enanito muy peque\u00f1o<br \/>2013\t\t\t\t\t\t\t\t\t\n\t\t\t\t\t\t <!-- Overlay Wrapper Closed -->\n\t\t\t\t\t\t\t\t\t\t\t<!-- Overlay Wrapper -->\n\t\t\t\t\t\t\t\t\t\tTximela kapitainaren izarrak <br \/> 2015\t\t\t\t\t\t\t\t\t\n\t\t\t\t\t\t <!-- Overlay Wrapper Closed -->\n\t\t\t\t\t\t\t\t\t\t\t<!-- Overlay Wrapper -->\n\t\t\t\t\t\t\t\t\t\tLUr eta Amets liburua <br \/>2015 \t\t\t\t\t\t\t\t\t\n\t\t\t\t\t\t <!-- Overlay Wrapper Closed -->\n\t\t\t\t\t\t\t\t\t\t\t<!-- Overlay Wrapper -->\n\t\t\t\t\t\t\t\t\t\tNur eta herensugearen tenplua  <br \/>  2017\t\t\t\t\t\t\t\t\t\n\t\t\t\t\t\t <!-- Overlay Wrapper Closed -->\n\t\t\t\t\t\t\t\t\t\t\t<!-- Overlay Wrapper -->\n\t\t\t\t\t\t\t\t\t\tIrrien lagunak aldizkaria<br \/>2019-2021\t\t\t\t\t\t\t\t\t\n\t\t\t\t\t\t <!-- Overlay Wrapper Closed -->\n\t\t\t\t\t\t\t\t\t\t\t<!-- Overlay Wrapper -->\n\t\t\t\t\t\t\t\t\t\tKatta Urtxintxa<br \/>2019-2021\t\t\t\t\t\t\t\t\t\n\t\t\t\t\t\t <!-- Overlay Wrapper Closed -->\n\t\t\t\t\t\t\t\t\t\t\t<!-- Overlay Wrapper -->\n\t\t\t\t\t\t\t\t\t\tLur eta Amets <br \/> 2020\t\t\t\t\t\t\t\t\t\n\t\t\t\t\t\t <!-- Overlay Wrapper Closed -->\n\t\t\t\t\t\t\t\t\t\t\t<!-- Overlay Wrapper -->\n\t\t\t\t\t\t\t\t\t\tIpuin animatuak <br \/> 2020\t\t\t\t\t\t\t\t\t\n\t\t\t\t\t\t <!-- Overlay Wrapper Closed -->\n\t\t\t\t\t\t\t\t\t\t\t<!-- Overlay Wrapper -->\n\t\t\t\t\t\t\t\t\t\tBidegurutzean <br \/> 2021\t\t\t\t\t\t\t\t\t\n\t\t\t\t\t\t <!-- Overlay Wrapper Closed -->\n\t\t\t\t\t\t\t\t\t\t\t<!-- Overlay Wrapper -->\n\t\t\t\t\t\t\t\t\t\tNazka<br \/>2021\t\t\t\t\t\t\t\t\t\n\t\t\t\t\t\t <!-- Overlay Wrapper Closed -->\n\t\t\t\t\t\t\t\t\t\t\t<!-- Overlay Wrapper -->\n\t\t\t\t\t\t\t\t\t\tOrkestra Lurtarra <br \/> 2022\t\t\t\t\t\t\t\t\t\n\t\t\t\t\t\t <!-- Overlay Wrapper Closed -->\n\t\t\t\t\t\t\t\t<!-- navigation arrows -->\n\t\t\t<button aria-label=\"Previous slide\" role=\"button\" tabindex=\"0\">\n\t\t\t<\/button>\n\t\t\t<button aria-label=\"Next slide\" role=\"button\" tabindex=\"0\">\n\t\t\t<\/button>\n\t\t\t\t\t\t<!-- pagination -->\n\t\n","protected":false},"excerpt":{"rendered":"<p>HISTORIA Lotura films es una productora vasca de relatos, personajes, im\u00e1genes, voces, luces, ilustraciones, emociones e ideas. Vayamos al a\u00f1o 1992. El cineasta Juanba Berasategi fue el encargado de encender la antorcha de Lotura Films y desde entonces profesionales, amistades y colegas han participado en este proyecto audiovisual, desvelando y explorando los caminos m\u00e1s singulares.&hellip;<\/p>\n","protected":false},"author":2,"featured_media":0,"parent":0,"menu_order":0,"comment_status":"closed","ping_status":"closed","template":"","meta":{"footnotes":""},"class_list":["post-1288","page","type-page","status-publish","hentry"],"_links":{"self":[{"href":"https:\/\/loturafilms.eus\/es\/wp-json\/wp\/v2\/pages\/1288","targetHints":{"allow":["GET"]}}],"collection":[{"href":"https:\/\/loturafilms.eus\/es\/wp-json\/wp\/v2\/pages"}],"about":[{"href":"https:\/\/loturafilms.eus\/es\/wp-json\/wp\/v2\/types\/page"}],"author":[{"embeddable":true,"href":"https:\/\/loturafilms.eus\/es\/wp-json\/wp\/v2\/users\/2"}],"replies":[{"embeddable":true,"href":"https:\/\/loturafilms.eus\/es\/wp-json\/wp\/v2\/comments?post=1288"}],"version-history":[{"count":0,"href":"https:\/\/loturafilms.eus\/es\/wp-json\/wp\/v2\/pages\/1288\/revisions"}],"wp:attachment":[{"href":"https:\/\/loturafilms.eus\/es\/wp-json\/wp\/v2\/media?parent=1288"}],"curies":[{"name":"wp","href":"https:\/\/api.w.org\/{rel}","templated":true}]}}