{"id":1296,"date":"2021-07-12T16:50:13","date_gmt":"2021-07-12T14:50:13","guid":{"rendered":"https:\/\/loturafilms.eus\/alhambrako-giltza\/"},"modified":"2021-11-08T10:37:43","modified_gmt":"2021-11-08T09:37:43","slug":"alhambrako-giltza","status":"publish","type":"page","link":"https:\/\/loturafilms.eus\/es\/alhambrako-giltza\/","title":{"rendered":"Alhambrako giltza"},"content":{"rendered":"\n<h1>\n\t\tALHAMBRAKO GILTZA\n\t<\/h1>\n\t<p>El escritor Washington Irvin no se queda tranquilo hasta que va a Granada a ver La Alhambra. All\u00ed conocer\u00e1 a Carmen, una mujer gitana muy bonita, que es la \u00faltima descendiente del rey moro Boabdil. El malvado Al\u00ed tiene tomada la venganza de destruir la Alhambra, y la llave para impedirlo es la propia Carmen. Como Carmen est\u00e1 enamorada de Irvin, ir\u00e1 en su ayuda.<\/p>\n\t<iframe allowfullscreen allow=\"autoplay\" data-src=\"https:\/\/www.youtube.com\/embed\/qqI3zkwIRoI?feature=oembed&amp;start&amp;end&amp;wmode=opaque&amp;loop=0&amp;controls=1&amp;mute=0&amp;rel=0&amp;modestbranding=1\"><\/iframe>\t\t\n\t\t\t\t\tPlay Video\n\t\t\tA\u00d1O\n\t\t\t\t\t<h4>2003<\/h4>\n\t\t\tTIPO DE PRODUCCI\u00d3N\n\t\t\t\t\t<h4>Largometraje<\/h4>\n\t\t\tDURACI\u00d3N\n\t\t\t\t\t<h4>70 minutos<\/h4>\n\t\t\tDIRECCI\u00d3N\n\t\t\t\t\t<h4>Juanba Berasategi<\/h4>\n\t\t\tGUI\u00d3N\n\t\t\t\t\t<h4>Jesus del Rio <br \/> Manuel Sanchez<\/h4>\n\t\t\tM\u00daSICA\n\t\t\t\t\t<h4>Antonio Meliveo<\/h4>\n\n","protected":false},"excerpt":{"rendered":"<p>ALHAMBRAKO GILTZA El escritor Washington Irvin no se queda tranquilo hasta que va a Granada a ver La Alhambra. All\u00ed conocer\u00e1 a Carmen, una mujer gitana muy bonita, que es la \u00faltima descendiente del rey moro Boabdil. El malvado Al\u00ed tiene tomada la venganza de destruir la Alhambra, y la llave para impedirlo es la&hellip;<\/p>\n","protected":false},"author":2,"featured_media":0,"parent":0,"menu_order":0,"comment_status":"closed","ping_status":"closed","template":"","meta":{"footnotes":""},"class_list":["post-1296","page","type-page","status-publish","hentry"],"_links":{"self":[{"href":"https:\/\/loturafilms.eus\/es\/wp-json\/wp\/v2\/pages\/1296","targetHints":{"allow":["GET"]}}],"collection":[{"href":"https:\/\/loturafilms.eus\/es\/wp-json\/wp\/v2\/pages"}],"about":[{"href":"https:\/\/loturafilms.eus\/es\/wp-json\/wp\/v2\/types\/page"}],"author":[{"embeddable":true,"href":"https:\/\/loturafilms.eus\/es\/wp-json\/wp\/v2\/users\/2"}],"replies":[{"embeddable":true,"href":"https:\/\/loturafilms.eus\/es\/wp-json\/wp\/v2\/comments?post=1296"}],"version-history":[{"count":0,"href":"https:\/\/loturafilms.eus\/es\/wp-json\/wp\/v2\/pages\/1296\/revisions"}],"wp:attachment":[{"href":"https:\/\/loturafilms.eus\/es\/wp-json\/wp\/v2\/media?parent=1296"}],"curies":[{"name":"wp","href":"https:\/\/api.w.org\/{rel}","templated":true}]}}