{"id":1298,"date":"2021-07-12T16:48:44","date_gmt":"2021-07-12T14:48:44","guid":{"rendered":"https:\/\/loturafilms.eus\/alhambrako-printzea\/"},"modified":"2021-11-08T10:44:36","modified_gmt":"2021-11-08T09:44:36","slug":"alhambrako-printzea","status":"publish","type":"page","link":"https:\/\/loturafilms.eus\/es\/alhambrako-printzea\/","title":{"rendered":"Alhambrako printzea"},"content":{"rendered":"\n<h1>\n\t\tAHMED, ALHAMBRAKO PRINTZEA\n\t<\/h1>\n\t<p>Es primavera en la Alhambra. La naturaleza ha salido del letargo, los p\u00e1jaros cantan: es la estaci\u00f3n del amor.<\/p>\n<p>Ahmed, el Pr\u00edncipe de la Alhambra, ha sido criado y educado en el silencio e ignorancia del amor, para que no lo entristezca la desventura que el amor suele traer consigo. No hace m\u00e1s que aprender, en la Torre del Generalife.<\/p>\n<p>Pero no pudiendo soportar aquel hermoso cercado, huye de Granada movido por el mensaje de amor de una tal Blanca que le ha tra\u00eddo una paloma.<\/p>\n\t<iframe allowfullscreen allow=\"autoplay\" data-src=\"https:\/\/www.youtube.com\/embed\/y2ESng9QPn4?feature=oembed&amp;start&amp;end&amp;wmode=opaque&amp;loop=0&amp;controls=1&amp;mute=0&amp;rel=0&amp;modestbranding=1\"><\/iframe>\t\t\n\t\t\t\t\tPlay Video\n\t\t\tA\u00d1O\n\t\t\t\t\t<h4>1997<\/h4>\n\t\t\tTIPO DE PRODUCCI\u00d3N\n\t\t\t\t\t<h4>Largometraje<\/h4>\n\t\t\tDURACI\u00d3N\n\t\t\t\t\t<h4>65 minutos<\/h4>\n\t\t\tDIRECCI\u00d3N\n\t\t\t\t\t<h4>Juaba Berasategi<\/h4>\n\t\t\tM\u00daSICA\n\t\t\t\t\t<h4>Jose Antonio Quintano<\/h4>\n\n","protected":false},"excerpt":{"rendered":"<p>AHMED, ALHAMBRAKO PRINTZEA Es primavera en la Alhambra. La naturaleza ha salido del letargo, los p\u00e1jaros cantan: es la estaci\u00f3n del amor. Ahmed, el Pr\u00edncipe de la Alhambra, ha sido criado y educado en el silencio e ignorancia del amor, para que no lo entristezca la desventura que el amor suele traer consigo. No hace&hellip;<\/p>\n","protected":false},"author":2,"featured_media":0,"parent":0,"menu_order":0,"comment_status":"closed","ping_status":"closed","template":"","meta":{"footnotes":""},"class_list":["post-1298","page","type-page","status-publish","hentry"],"_links":{"self":[{"href":"https:\/\/loturafilms.eus\/es\/wp-json\/wp\/v2\/pages\/1298","targetHints":{"allow":["GET"]}}],"collection":[{"href":"https:\/\/loturafilms.eus\/es\/wp-json\/wp\/v2\/pages"}],"about":[{"href":"https:\/\/loturafilms.eus\/es\/wp-json\/wp\/v2\/types\/page"}],"author":[{"embeddable":true,"href":"https:\/\/loturafilms.eus\/es\/wp-json\/wp\/v2\/users\/2"}],"replies":[{"embeddable":true,"href":"https:\/\/loturafilms.eus\/es\/wp-json\/wp\/v2\/comments?post=1298"}],"version-history":[{"count":0,"href":"https:\/\/loturafilms.eus\/es\/wp-json\/wp\/v2\/pages\/1298\/revisions"}],"wp:attachment":[{"href":"https:\/\/loturafilms.eus\/es\/wp-json\/wp\/v2\/media?parent=1298"}],"curies":[{"name":"wp","href":"https:\/\/api.w.org\/{rel}","templated":true}]}}