{"id":1303,"date":"2021-07-12T16:44:31","date_gmt":"2021-07-12T14:44:31","guid":{"rendered":"https:\/\/loturafilms.eus\/emakunde\/"},"modified":"2021-11-08T10:47:28","modified_gmt":"2021-11-08T09:47:28","slug":"emakunde","status":"publish","type":"page","link":"https:\/\/loturafilms.eus\/es\/emakunde\/","title":{"rendered":"Emakunde"},"content":{"rendered":"\n<h1>\n\t\tEMAKUNDE\n\t<\/h1>\n\t<p>Campa\u00f1a a favor de la igualdad de mujeres y hombres. Emakunde es el \u00f3rgano aut\u00f3nomo del Gobierno Vasco que dise\u00f1a, impulsa, coordina y valora las pol\u00edticas de igualdad. Tambi\u00e9n se canalizan iniciativas de sensibilizaci\u00f3n social. Siempre con el objetivo de buscar una igualdad real y efectiva en la Comunidad Aut\u00f3noma Vasca.<\/p>\n\t<iframe allowfullscreen allow=\"autoplay\" src=\"https:\/\/www.youtube.com\/embed\/gRtcPeVWoXc?feature=oembed&amp;start&amp;end&amp;wmode=opaque&amp;loop=0&amp;controls=1&amp;mute=0&amp;rel=0&amp;modestbranding=1\"><\/iframe>\t\n\n","protected":false},"excerpt":{"rendered":"<p>EMAKUNDE Campa\u00f1a a favor de la igualdad de mujeres y hombres. Emakunde es el \u00f3rgano aut\u00f3nomo del Gobierno Vasco que dise\u00f1a, impulsa, coordina y valora las pol\u00edticas de igualdad. Tambi\u00e9n se canalizan iniciativas de sensibilizaci\u00f3n social. Siempre con el objetivo de buscar una igualdad real y efectiva en la Comunidad Aut\u00f3noma Vasca.<\/p>\n","protected":false},"author":2,"featured_media":0,"parent":0,"menu_order":0,"comment_status":"closed","ping_status":"closed","template":"","meta":{"footnotes":""},"class_list":["post-1303","page","type-page","status-publish","hentry"],"_links":{"self":[{"href":"https:\/\/loturafilms.eus\/es\/wp-json\/wp\/v2\/pages\/1303","targetHints":{"allow":["GET"]}}],"collection":[{"href":"https:\/\/loturafilms.eus\/es\/wp-json\/wp\/v2\/pages"}],"about":[{"href":"https:\/\/loturafilms.eus\/es\/wp-json\/wp\/v2\/types\/page"}],"author":[{"embeddable":true,"href":"https:\/\/loturafilms.eus\/es\/wp-json\/wp\/v2\/users\/2"}],"replies":[{"embeddable":true,"href":"https:\/\/loturafilms.eus\/es\/wp-json\/wp\/v2\/comments?post=1303"}],"version-history":[{"count":0,"href":"https:\/\/loturafilms.eus\/es\/wp-json\/wp\/v2\/pages\/1303\/revisions"}],"wp:attachment":[{"href":"https:\/\/loturafilms.eus\/es\/wp-json\/wp\/v2\/media?parent=1303"}],"curies":[{"name":"wp","href":"https:\/\/api.w.org\/{rel}","templated":true}]}}