{"id":1305,"date":"2021-07-12T16:46:59","date_gmt":"2021-07-12T14:46:59","guid":{"rendered":"https:\/\/loturafilms.eus\/fernando-amezketarra\/"},"modified":"2021-11-08T10:46:15","modified_gmt":"2021-11-08T09:46:15","slug":"fernando-amezketarra","status":"publish","type":"page","link":"https:\/\/loturafilms.eus\/es\/fernando-amezketarra\/","title":{"rendered":"Fernando amezketarra"},"content":{"rendered":"\n<h1>\n\t\tFERNANDO AMEZKETARRA\n\t<\/h1>\n\t<p>Fernando Amezketarra, la serie que narra las andanzas y rodeos del plazagiz\u00f3n y bertsolari guipuzcoano.<\/p>\n\t<iframe allowfullscreen allow=\"autoplay\" data-src=\"https:\/\/www.youtube.com\/embed\/-lG6_r6BFe0?feature=oembed&amp;start=154&amp;end=302&amp;wmode=opaque&amp;loop=0&amp;controls=1&amp;mute=0&amp;rel=0&amp;modestbranding=1\"><\/iframe>\t\t\n\t\t\t\t\tPlay Video\n\t\t\tA\u00d1O\n\t\t\t\t\t<h4>1994-1996<\/h4>\n\t\t\tTIPO DE PRODUCCI\u00d3N\n\t\t\t\t\t<h4>Serie de televisi\u00f3n<\/h4>\n\t\t\tDURACI\u00d3N\n\t\t\t\t\t<h4>26 ep x 7 minutos<\/h4>\n\t\t\tDIRECCI\u00d3N\n\t\t\t\t\t<h4>Zuri\u00f1e Sistiaga <br \/>Jose Angel Lopetegi<\/h4>\n\t\t\tGUI\u00d3N\n\t\t\t\t\t<h4>Koldo Izagirre<\/h4>\n\t\t\tCASA PRODUCTORA\n\t\t\t\t\t<h4>Irusoin \/ Etb<\/h4>\n\t\t\tANIMACI\u00d3N\n\t\t\t\t\t<h4>Lotura Films<\/h4>\n\t\t\tM\u00daSICA\n\t\t\t\t\t<h4>Bixente Martinez<\/h4>\n\n","protected":false},"excerpt":{"rendered":"<p>FERNANDO AMEZKETARRA Fernando Amezketarra, la serie que narra las andanzas y rodeos del plazagiz\u00f3n y bertsolari guipuzcoano. Play Video A\u00d1O 1994-1996 TIPO DE PRODUCCI\u00d3N Serie de televisi\u00f3n DURACI\u00d3N 26 ep x 7 minutos DIRECCI\u00d3N Zuri\u00f1e Sistiaga Jose Angel Lopetegi GUI\u00d3N Koldo Izagirre CASA PRODUCTORA Irusoin \/ Etb ANIMACI\u00d3N Lotura Films M\u00daSICA Bixente Martinez<\/p>\n","protected":false},"author":2,"featured_media":0,"parent":0,"menu_order":0,"comment_status":"closed","ping_status":"closed","template":"","meta":{"footnotes":""},"class_list":["post-1305","page","type-page","status-publish","hentry"],"_links":{"self":[{"href":"https:\/\/loturafilms.eus\/es\/wp-json\/wp\/v2\/pages\/1305","targetHints":{"allow":["GET"]}}],"collection":[{"href":"https:\/\/loturafilms.eus\/es\/wp-json\/wp\/v2\/pages"}],"about":[{"href":"https:\/\/loturafilms.eus\/es\/wp-json\/wp\/v2\/types\/page"}],"author":[{"embeddable":true,"href":"https:\/\/loturafilms.eus\/es\/wp-json\/wp\/v2\/users\/2"}],"replies":[{"embeddable":true,"href":"https:\/\/loturafilms.eus\/es\/wp-json\/wp\/v2\/comments?post=1305"}],"version-history":[{"count":0,"href":"https:\/\/loturafilms.eus\/es\/wp-json\/wp\/v2\/pages\/1305\/revisions"}],"wp:attachment":[{"href":"https:\/\/loturafilms.eus\/es\/wp-json\/wp\/v2\/media?parent=1305"}],"curies":[{"name":"wp","href":"https:\/\/api.w.org\/{rel}","templated":true}]}}