{"id":1307,"date":"2021-09-07T14:16:23","date_gmt":"2021-09-07T12:16:23","guid":{"rendered":"https:\/\/loturafilms.eus\/ipuin-animatuak\/"},"modified":"2021-11-08T10:08:04","modified_gmt":"2021-11-08T09:08:04","slug":"ipuin-animatuak","status":"publish","type":"page","link":"https:\/\/loturafilms.eus\/es\/ipuin-animatuak\/","title":{"rendered":"Ipuin animatuak"},"content":{"rendered":"\n<h1>\n\t\tCUENTOS ANIMADOS\n\t<\/h1>\n\t<p>&#8216;Cuentos animados&#8217;: animaci\u00f3n de los cuentos &#8216;Haserrea&#8217; y &#8216;Sorpresa&#8217; de la editorial IkasElkar.<\/p>\n\t<iframe allowfullscreen allow=\"autoplay\" data-src=\"https:\/\/www.youtube.com\/embed\/KiQsQ8Hp75s?feature=oembed&amp;start&amp;end&amp;wmode=opaque&amp;loop=0&amp;controls=1&amp;mute=0&amp;rel=0&amp;modestbranding=1\"><\/iframe>\t\t\n\t\t\t\t\tPlay Video\n\t<iframe allowfullscreen allow=\"autoplay\" data-src=\"https:\/\/www.youtube.com\/embed\/GnZAvkuhKNc?feature=oembed&amp;start&amp;end&amp;wmode=opaque&amp;loop=0&amp;controls=1&amp;mute=0&amp;rel=0&amp;modestbranding=1\"><\/iframe>\t\t\n\t\t\t\t\tPlay Video\n\t\t\tA\u00d1O\n\t\t\t\t\t<h4>2020<\/h4>\n\t\t\tTIPO DE PRODUCCI\u00d3N\n\t\t\t\t\t<h4>Cuentos animados<\/h4>\n\t\t\tANIMACI\u00d3N\n\t\t\t\t\t<h4>Lotura Films, S.L.<\/h4>\n<h2>\n\t\tIPUINAK\n\t<\/h2>\n\n","protected":false},"excerpt":{"rendered":"<p>CUENTOS ANIMADOS &#8216;Cuentos animados&#8217;: animaci\u00f3n de los cuentos &#8216;Haserrea&#8217; y &#8216;Sorpresa&#8217; de la editorial IkasElkar. Play Video Play Video A\u00d1O 2020 TIPO DE PRODUCCI\u00d3N Cuentos animados ANIMACI\u00d3N Lotura Films, S.L. IPUINAK<\/p>\n","protected":false},"author":2,"featured_media":0,"parent":0,"menu_order":0,"comment_status":"closed","ping_status":"closed","template":"","meta":{"footnotes":""},"class_list":["post-1307","page","type-page","status-publish","hentry"],"_links":{"self":[{"href":"https:\/\/loturafilms.eus\/es\/wp-json\/wp\/v2\/pages\/1307","targetHints":{"allow":["GET"]}}],"collection":[{"href":"https:\/\/loturafilms.eus\/es\/wp-json\/wp\/v2\/pages"}],"about":[{"href":"https:\/\/loturafilms.eus\/es\/wp-json\/wp\/v2\/types\/page"}],"author":[{"embeddable":true,"href":"https:\/\/loturafilms.eus\/es\/wp-json\/wp\/v2\/users\/2"}],"replies":[{"embeddable":true,"href":"https:\/\/loturafilms.eus\/es\/wp-json\/wp\/v2\/comments?post=1307"}],"version-history":[{"count":0,"href":"https:\/\/loturafilms.eus\/es\/wp-json\/wp\/v2\/pages\/1307\/revisions"}],"wp:attachment":[{"href":"https:\/\/loturafilms.eus\/es\/wp-json\/wp\/v2\/media?parent=1307"}],"curies":[{"name":"wp","href":"https:\/\/api.w.org\/{rel}","templated":true}]}}