{"id":1311,"date":"2021-09-07T15:15:25","date_gmt":"2021-09-07T13:15:25","guid":{"rendered":"https:\/\/loturafilms.eus\/irria\/"},"modified":"2021-10-25T07:45:30","modified_gmt":"2021-10-25T05:45:30","slug":"irria","status":"publish","type":"page","link":"https:\/\/loturafilms.eus\/es\/irria\/","title":{"rendered":"Irrien lagunak aldizkaria"},"content":{"rendered":"\n<h1>\n\t\tREVISTA IRRIEN LAGUNAK\n\t<\/h1>\n\tAlgunas p\u00e1ginas de la revista mensual \u00abIrrien Lagunak\u00bb: hechas por de Lotura Films.<br \/>\nIlustraciones de las p\u00e1ginas Marikalanbre, Martinbertso, Ane Pirata y Largabista.\n\t\t\tA\u00d1O\n\t\t\t\t\t<h4>2019-2021<\/h4>\n\t\t\tTIPO DE PRODUCCI\u00d3N\n\t\t\t\t\t<h4>Revista<\/h4>\n\t\t\tILUSTRACIONES\n\t\t\t\t\t<h4>Lotura Films, S.L.<\/h4>\n<h2>\n\t\tREVISTAS\n\t<\/h2>\n\n","protected":false},"excerpt":{"rendered":"<p>REVISTA IRRIEN LAGUNAK Algunas p\u00e1ginas de la revista mensual \u00abIrrien Lagunak\u00bb: hechas por de Lotura Films. Ilustraciones de las p\u00e1ginas Marikalanbre, Martinbertso, Ane Pirata y Largabista. A\u00d1O 2019-2021 TIPO DE PRODUCCI\u00d3N Revista ILUSTRACIONES Lotura Films, S.L. REVISTAS<\/p>\n","protected":false},"author":2,"featured_media":0,"parent":0,"menu_order":0,"comment_status":"closed","ping_status":"closed","template":"","meta":{"footnotes":""},"class_list":["post-1311","page","type-page","status-publish","hentry"],"_links":{"self":[{"href":"https:\/\/loturafilms.eus\/es\/wp-json\/wp\/v2\/pages\/1311","targetHints":{"allow":["GET"]}}],"collection":[{"href":"https:\/\/loturafilms.eus\/es\/wp-json\/wp\/v2\/pages"}],"about":[{"href":"https:\/\/loturafilms.eus\/es\/wp-json\/wp\/v2\/types\/page"}],"author":[{"embeddable":true,"href":"https:\/\/loturafilms.eus\/es\/wp-json\/wp\/v2\/users\/2"}],"replies":[{"embeddable":true,"href":"https:\/\/loturafilms.eus\/es\/wp-json\/wp\/v2\/comments?post=1311"}],"version-history":[{"count":0,"href":"https:\/\/loturafilms.eus\/es\/wp-json\/wp\/v2\/pages\/1311\/revisions"}],"wp:attachment":[{"href":"https:\/\/loturafilms.eus\/es\/wp-json\/wp\/v2\/media?parent=1311"}],"curies":[{"name":"wp","href":"https:\/\/api.w.org\/{rel}","templated":true}]}}