{"id":1313,"date":"2021-07-12T16:47:57","date_gmt":"2021-07-12T14:47:57","guid":{"rendered":"https:\/\/loturafilms.eus\/kalabaza-tripontzia\/"},"modified":"2021-11-08T10:48:15","modified_gmt":"2021-11-08T09:48:15","slug":"kalabaza-tripontzia","status":"publish","type":"page","link":"https:\/\/loturafilms.eus\/es\/kalabaza-tripontzia\/","title":{"rendered":"Kalabaza tripontzia"},"content":{"rendered":"\n<h1>\n\t\tKALABAZA TRIPONTZIA\n\t<\/h1>\n\t<p>Los h\u00e9roes y personajes m\u00e1s representativos de los cuentos y leyendas tradicionales de Euskal Herria, guiados mediante la palabra. Un t\u00e1rtalo tuerto trasnochado que por tener el anillo milagroso de que habla, es estafado por el hombre. Un peque\u00f1o y travieso Kukubiltxo pone a hablar a los burros y a las vacas cuando se esconde en el o\u00eddo de cualquier asno. Un Galtzagorri demonio desvergonzado y mentiroso. En pocas palabras, mitos universales en los escenarios de ayer y hoy en Euskal Herria.<\/p>\n\t<iframe allowfullscreen allow=\"autoplay\" data-src=\"https:\/\/www.youtube.com\/embed\/S6P2taebXgc?feature=oembed&amp;start&amp;end&amp;wmode=opaque&amp;loop=0&amp;controls=1&amp;mute=0&amp;rel=0&amp;modestbranding=1\"><\/iframe>\t\t\n\t\t\t\t\tPlay Video\n\t\t\tA\u00d1O\n\t\t\t\t\t<h4>1986<\/h4>\n\t\t\tTIPO DE PRODUCCI\u00d3N\n\t\t\t\t\t<h4>Largometraje<\/h4>\n\t\t\tDURACI\u00d3N\n\t\t\t\t\t<h4>90 minutos<\/h4>\n\t\t\tGUI\u00d3N\n\t\t\t\t\t<h4>Koldo Izagirre<\/h4>\n\t\t\tM\u00daSICA\n\t\t\t\t\t<h4>Oskorri<\/h4>\n<h2>\n\t\tENLACES INTERESANTES\n\t<\/h2>\n\t\t\tEra\n\t\t\t<p>Nor da Juanba Berasategi?<\/p>\n\t\t\t\t\t\t<a href=\"https:\/\/eranafarroa.eus\/nor-da-juanba-berasategi\/\" target=\"_blank\" role=\"button\" rel=\"noopener\">\n\t\t\t\tVER\t\t\t<\/a>\n\n","protected":false},"excerpt":{"rendered":"<p>KALABAZA TRIPONTZIA Los h\u00e9roes y personajes m\u00e1s representativos de los cuentos y leyendas tradicionales de Euskal Herria, guiados mediante la palabra. Un t\u00e1rtalo tuerto trasnochado que por tener el anillo milagroso de que habla, es estafado por el hombre. Un peque\u00f1o y travieso Kukubiltxo pone a hablar a los burros y a las vacas cuando&hellip;<\/p>\n","protected":false},"author":2,"featured_media":0,"parent":0,"menu_order":0,"comment_status":"closed","ping_status":"closed","template":"","meta":{"footnotes":""},"class_list":["post-1313","page","type-page","status-publish","hentry"],"_links":{"self":[{"href":"https:\/\/loturafilms.eus\/es\/wp-json\/wp\/v2\/pages\/1313","targetHints":{"allow":["GET"]}}],"collection":[{"href":"https:\/\/loturafilms.eus\/es\/wp-json\/wp\/v2\/pages"}],"about":[{"href":"https:\/\/loturafilms.eus\/es\/wp-json\/wp\/v2\/types\/page"}],"author":[{"embeddable":true,"href":"https:\/\/loturafilms.eus\/es\/wp-json\/wp\/v2\/users\/2"}],"replies":[{"embeddable":true,"href":"https:\/\/loturafilms.eus\/es\/wp-json\/wp\/v2\/comments?post=1313"}],"version-history":[{"count":0,"href":"https:\/\/loturafilms.eus\/es\/wp-json\/wp\/v2\/pages\/1313\/revisions"}],"wp:attachment":[{"href":"https:\/\/loturafilms.eus\/es\/wp-json\/wp\/v2\/media?parent=1313"}],"curies":[{"name":"wp","href":"https:\/\/api.w.org\/{rel}","templated":true}]}}