{"id":1319,"date":"2021-07-12T16:45:54","date_gmt":"2021-07-12T14:45:54","guid":{"rendered":"https:\/\/loturafilms.eus\/lazkao-txiki\/"},"modified":"2021-11-08T10:43:33","modified_gmt":"2021-11-08T09:43:33","slug":"lazkao-txiki","status":"publish","type":"page","link":"https:\/\/loturafilms.eus\/es\/lazkao-txiki\/","title":{"rendered":"Lazkao Txiki"},"content":{"rendered":"\n<h1>\n\t\tLAZKAO TXIKI\n\t<\/h1>\n\t<p>Es una serie de dibujos animados que cuenta las historias de Joxe Miguel Iztueta Kortajarena, alias Lazkao Txiki, uno de los bertsolaris m\u00e1s populares de Gipuzkoa y Euskal Herria.<\/p>\n<p>ETB emiti\u00f3 76 cap\u00edtulos en 1997.<\/p>\n\t<iframe allowfullscreen allow=\"autoplay\" data-src=\"https:\/\/www.youtube.com\/embed\/gf6MXgCc0rE?feature=oembed&amp;start=988&amp;end=1243&amp;wmode=opaque&amp;loop=0&amp;controls=1&amp;mute=0&amp;rel=0&amp;modestbranding=1\"><\/iframe>\t\t\n\t\t\t\t\tPlay Video\n\t\t\tA\u00d1O\n\t\t\t\t\t<h4>1997-1999<\/h4>\n\t\t\tTIPO DE PRODUCCI\u00d3N\n\t\t\t\t\t<h4>Serie de televisi\u00f3n<\/h4>\n\t\t\tDURACI\u00d3N\n\t\t\t\t\t<h4>76 ep x 7 minutos<\/h4>\n\t\t\tDIRECCI\u00d3N\n\t\t\t\t\t<h4>Juanba Berasategi<\/h4>\n\t\t\tANIMACI\u00d3N\n\t\t\t\t\t<h4>Lotura Films<\/h4>\n\t\t\tGUI\u00d3N\n\t\t\t\t\t<h4>Koldo Izagirre<\/h4>\n\t\t\tCASA PRODUCTORA\n\t\t\t\t\t<h4>Irusoin \/ Etb<\/h4>\n\t\t\tM\u00daSICA\n\t\t\t\t\t<h4>Bixente Martinez<\/h4>\n\n","protected":false},"excerpt":{"rendered":"<p>LAZKAO TXIKI Es una serie de dibujos animados que cuenta las historias de Joxe Miguel Iztueta Kortajarena, alias Lazkao Txiki, uno de los bertsolaris m\u00e1s populares de Gipuzkoa y Euskal Herria. ETB emiti\u00f3 76 cap\u00edtulos en 1997. Play Video A\u00d1O 1997-1999 TIPO DE PRODUCCI\u00d3N Serie de televisi\u00f3n DURACI\u00d3N 76 ep x 7 minutos DIRECCI\u00d3N Juanba&hellip;<\/p>\n","protected":false},"author":2,"featured_media":0,"parent":0,"menu_order":0,"comment_status":"closed","ping_status":"closed","template":"","meta":{"footnotes":""},"class_list":["post-1319","page","type-page","status-publish","hentry"],"_links":{"self":[{"href":"https:\/\/loturafilms.eus\/es\/wp-json\/wp\/v2\/pages\/1319","targetHints":{"allow":["GET"]}}],"collection":[{"href":"https:\/\/loturafilms.eus\/es\/wp-json\/wp\/v2\/pages"}],"about":[{"href":"https:\/\/loturafilms.eus\/es\/wp-json\/wp\/v2\/types\/page"}],"author":[{"embeddable":true,"href":"https:\/\/loturafilms.eus\/es\/wp-json\/wp\/v2\/users\/2"}],"replies":[{"embeddable":true,"href":"https:\/\/loturafilms.eus\/es\/wp-json\/wp\/v2\/comments?post=1319"}],"version-history":[{"count":0,"href":"https:\/\/loturafilms.eus\/es\/wp-json\/wp\/v2\/pages\/1319\/revisions"}],"wp:attachment":[{"href":"https:\/\/loturafilms.eus\/es\/wp-json\/wp\/v2\/media?parent=1319"}],"curies":[{"name":"wp","href":"https:\/\/api.w.org\/{rel}","templated":true}]}}