{"id":1323,"date":"2021-09-07T16:07:34","date_gmt":"2021-09-07T14:07:34","guid":{"rendered":"https:\/\/loturafilms.eus\/lur-eta-amets-liburua\/"},"modified":"2021-10-25T07:57:01","modified_gmt":"2021-10-25T05:57:01","slug":"lur-eta-amets-liburua","status":"publish","type":"page","link":"https:\/\/loturafilms.eus\/es\/lur-eta-amets-liburua\/","title":{"rendered":"Lur eta Amets liburua"},"content":{"rendered":"\n<h1>\n\t\tLIBRO LUR ETA AMETS\n\t<\/h1>\n\tLibro de consulta que narra la historia de Euskal Herria, por encargo de la editorial Elkar.\n\t\t\tA\u00d1O\n\t\t\t\t\t<h4>2015<\/h4>\n\t\t\tTIPO DE PRODUCCI\u00d3N\n\t\t\t\t\t<h4>Libro<\/h4>\n\t\t\tILUSTRACI\u00d3N\n\t\t\t\t\t<h4>LOTURA FILMS, S.L.<\/h4>\n\t\t\tTEXTO\n\t\t\t\t\t<h4>Manu Arregi <br \/>Jesus Mari Olaizola<\/h4>\n\t\t\tEDITORIAL\n\t\t\t\t\t<h4>ELKAR<\/h4>\n<h2>\n\t\tPERSONAJES\n\t<\/h2>\n\t\t<h4>Lur<\/h4>\n\t\t\t<p>Esta chica de ojos verdes y pelo rojo es Lur. De esas que no saben estarse quietas: le gusta explorar los alrededores y correr; es una aventurera empedernida. Es muy valiente, nada la hace retroceder. Tiene un genio vivo y, cuando se enfada, todos huyen, incluso el gato Baltxar. Tiene un hermano gemelo: Amets.<\/p>\t\t\n\t\t<h4>Amets<\/h4>\n\t\t\t<p>Este chico moreno es Amets. Tiene una hermana gemela: Lur. Forman una pareja ideal. Amets es un so\u00f1ador, con mucha imaginaci\u00f3n, un creador fino y un chaval sensible. Le encanta estar solo, sin embargo, nunca se aburre. La abuela Andere dice que ve cosas que nadie m\u00e1s ve.<\/p>\t\t\n\t\t<h4>Amona Andere<\/h4>\n\t\t\t<p>Ni Amets ni Lur saben que la abuela es un ser especial, y que de ah\u00ed le viene el saber, porque ha conocido otros tiempos y otros mundos. Es un ser mitol\u00f3gico, m\u00e1gico. Gracias a las dotes especiales de la abuela, Amets y Lur podr\u00e1n viajar en el tiempo. Para hacer magia, la abuela se servir\u00e1 del gato Baltaxar que la acompa\u00f1a.<\/p>\t\t\n\t\t<h4>Baltxar<\/h4>\n\t\t\t<p>Siempre ha estado con la abuela. Baltaxar tambi\u00e9n es un ser mitol\u00f3gico. Un gato que nunca envejece.<\/p>\t\t\n\t\n","protected":false},"excerpt":{"rendered":"<p>LIBRO LUR ETA AMETS Libro de consulta que narra la historia de Euskal Herria, por encargo de la editorial Elkar. A\u00d1O 2015 TIPO DE PRODUCCI\u00d3N Libro ILUSTRACI\u00d3N LOTURA FILMS, S.L. TEXTO Manu Arregi Jesus Mari Olaizola EDITORIAL ELKAR PERSONAJES Lur Esta chica de ojos verdes y pelo rojo es Lur. De esas que no saben&hellip;<\/p>\n","protected":false},"author":2,"featured_media":0,"parent":0,"menu_order":0,"comment_status":"closed","ping_status":"closed","template":"","meta":{"footnotes":""},"class_list":["post-1323","page","type-page","status-publish","hentry"],"_links":{"self":[{"href":"https:\/\/loturafilms.eus\/es\/wp-json\/wp\/v2\/pages\/1323","targetHints":{"allow":["GET"]}}],"collection":[{"href":"https:\/\/loturafilms.eus\/es\/wp-json\/wp\/v2\/pages"}],"about":[{"href":"https:\/\/loturafilms.eus\/es\/wp-json\/wp\/v2\/types\/page"}],"author":[{"embeddable":true,"href":"https:\/\/loturafilms.eus\/es\/wp-json\/wp\/v2\/users\/2"}],"replies":[{"embeddable":true,"href":"https:\/\/loturafilms.eus\/es\/wp-json\/wp\/v2\/comments?post=1323"}],"version-history":[{"count":0,"href":"https:\/\/loturafilms.eus\/es\/wp-json\/wp\/v2\/pages\/1323\/revisions"}],"wp:attachment":[{"href":"https:\/\/loturafilms.eus\/es\/wp-json\/wp\/v2\/media?parent=1323"}],"curies":[{"name":"wp","href":"https:\/\/api.w.org\/{rel}","templated":true}]}}