{"id":1327,"date":"2021-09-20T09:57:08","date_gmt":"2021-09-20T07:57:08","guid":{"rendered":"https:\/\/loturafilms.eus\/lur-eta-amets-hau-bai-abentura\/"},"modified":"2021-12-02T11:45:52","modified_gmt":"2021-12-02T10:45:52","slug":"lur-eta-amets-hau-bai-abentura","status":"publish","type":"page","link":"https:\/\/loturafilms.eus\/es\/lur-eta-amets-hau-bai-abentura\/","title":{"rendered":"Lur eta Amets: Hau bai abentura"},"content":{"rendered":"\n\n\t\t\t\t<img decoding=\"async\" src=\"https:\/\/loturafilms.eus\/wp-content\/uploads\/2021\/07\/lur-eta-amets.png\" alt=\"lur eta amets\" itemprop=\"image\" height=\"134\" width=\"1000\" title=\"lur eta amets\" onerror=\"this.style.display='none'\"  \/>\n<h1>\n\t\tHAU BAI ABENTURA\n\t<\/h1>\n\t<p>Los padres de Lur y Amets tienen una boda este fin de semana y han dejado a los mellizos en casa de su abuela, Andere. Pero gracias a los poderes de Andere y su gato Baltaxar no ser\u00e1 un fin de semana normal. Se embarcar\u00e1n en un viaje, viviendo aventuras agridulces en diferentes \u00e9pocas, viajar\u00e1n a trav\u00e9s de nuestra historia. Siempre ser\u00e1n ellos los protagonistas. Con la ayuda inigualable de Andere y Baltaxar. Pero lamentablemente, los malos los perseguir\u00e1n a trav\u00e9s de distintas \u00e9pocas.<\/p>\n\t<iframe allowfullscreen allow=\"autoplay\" data-src=\"https:\/\/www.youtube.com\/embed\/891_LoVCNyo?feature=oembed&amp;start&amp;end&amp;wmode=opaque&amp;loop=0&amp;controls=1&amp;mute=0&amp;rel=0&amp;modestbranding=1\"><\/iframe>\t\t\n\t\t\t\t\tPlay Video\n\t\t\tA\u00d1O\n\t\t\t\t\t<h4>2020<\/h4>\n\t\t\tTIPO DE PRODUCCI\u00d3N\n\t\t\t\t\t<h4>Programa de televisi\u00f3n<\/h4>\n\t\t\tDURACI\u00d3N\n\t\t\t\t\t<h4>13X13<\/h4>\n\t\t\tDIRECCI\u00d3N\n\t\t\t\t\t<h4>Isabel F. De Agirre<\/h4>\n\t\t\tGUI\u00d3N\n\t\t\t\t\t<h4>Eneko Arrate<br \/>Nerea Gartzia<\/h4>\n\t\t\tCASA PRODUCTORA\n\t\t\t\t\t<h4>LA Ekoizpenak AIE<\/h4>\n\t\t\t\t\t<p>Lotura Films, Elkar Argitaretxea, Ikastolen Elkartea, Katxiporreta<\/p>\t\t\t\t\n<h2>\n\t\tENLACES INTERESANTES\n\t<\/h2>\n\t\t\t<p>Lur eta Amets Filma<\/p>\n\t\t\t<p>Bingen Zupiriak dio&#8230;\u00a0<\/p>\n\t\t\t\t\t\t<a href=\"https:\/\/www.youtube.com\/watch?v=8C9HXdM78Fg\" target=\"_blank\" role=\"button\" rel=\"noopener\">\n\t\t\t\tVER\t\t\t<\/a>\n\t\t\t<p>Euskalerria<br \/>irratia<\/p>\n\t\t\t<p>Iru\u00f1era iritsi dira Lur eta Amets<\/p>\n\t\t\t\t\t\t<a href=\"https:\/\/euskalerriairratia.eus\/irunerria\/1579709243929-lur-eta-amets\" target=\"_blank\" role=\"button\" rel=\"noopener\">\n\t\t\t\tVER\t\t\t<\/a>\n\t\t\tEitb\n\t\t\t<p>La pel\u00edcula de animaci\u00f3n &#8216;Lur eta amets&#8217; se estrenar\u00e1 el 7 de febrero.<\/p>\n\t\t\t\t\t\t<a href=\"https:\/\/www.eitb.eus\/es\/cultura\/cine\/detalle\/6942864\/la-pelicula-animacion-lur-eta-amets-se-estrenara-7-febrero\/\" target=\"_blank\" role=\"button\" rel=\"noopener\">\n\t\t\t\tVER\t\t\t<\/a>\n\t\t\tDiario Vasco\n\t\t\t<p>&#8216;Lur eta Amets&#8217;, un viaje lleno de aventuras y humor a trav\u00e9s de la historia de Euskal Herria<\/p>\n\t\t\t\t\t\t<a href=\"https:\/\/www.diariovasco.com\/culturas\/cine\/amets-viaje-lleno-20200128221850-nt.html\" target=\"_blank\" role=\"button\" rel=\"noopener\">\n\t\t\t\tVER\t\t\t<\/a>\n<h2>\n\t\tTESTIGANTZAK\n\t<\/h2>\n\t\t\t<p>Lorem ipsum dolor sit amet, consectetuer adipiscing elit, sed diam nonummy nibh euismod tincidunt ut laoreet dolore magna aliquam erat volutpat.<strong>&#8211; Izena Abizena<\/strong><\/p>\t\t\n\t\t\t<p>Lorem ipsum dolor sit amet, consectetuer adipiscing elit, sed diam nonummy nibh euismod tincidunt ut laoreet dolore magna aliquam erat volutpat.<strong>&#8211; Izena Abizena<\/strong><\/p>\t\t\n\t\t\t<p>Lorem ipsum dolor sit amet, consectetuer adipiscing elit, sed diam nonummy nibh euismod tincidunt ut laoreet dolore magna aliquam erat volutpat.<strong>&#8211; Izena Abizena<\/strong><\/p>\t\t\n<h2>\n\t\tPERSONAJES\n\t<\/h2>\n\t\t<h4>Lur<\/h4>\n\t\t\t<p>Esta chica de ojos verdes y pelo rojo es Lur. De esas que no saben estarse quietas: le gusta explorar los alrededores y correr; es una aventurera empedernida. Es muy valiente, nada la hace retroceder. Tiene un genio vivo y, cuando se enfada, todos huyen, incluso el gato Baltxar. Tiene un hermano gemelo: Amets.<\/p>\t\t\n\t\t<h4>Amets<\/h4>\n\t\t\t<p>Este chico moreno es Amets. Tiene una hermana gemela: Lur. Forman una pareja ideal. Amets es un so\u00f1ador, con mucha imaginaci\u00f3n, un creador fino y un chaval sensible. Le encanta estar solo, sin embargo, nunca se aburre. La abuela Andere dice que ve cosas que nadie m\u00e1s ve.<\/p>\t\t\n\t\t<h4>Amona Andere<\/h4>\n\t\t\t<p>Ni Amets ni Lur saben que la abuela es un ser especial, y que de ah\u00ed le viene el saber, porque ha conocido otros tiempos y otros mundos. Es un ser mitol\u00f3gico, m\u00e1gico. Gracias a las dotes especiales de la abuela, Amets y Lur podr\u00e1n viajar en el tiempo. Para hacer magia, la abuela se servir\u00e1 del gato Baltaxar que la acompa\u00f1a.<\/p>\t\t\n\t\t<h4>Baltxar<\/h4>\n\t\t\t<p>Siempre ha estado con la abuela. Baltaxar tambi\u00e9n es un ser mitol\u00f3gico. Un gato que nunca envejece.<\/p>\t\t\n\t\n","protected":false},"excerpt":{"rendered":"<p>HAU BAI ABENTURA Los padres de Lur y Amets tienen una boda este fin de semana y han dejado a los mellizos en casa de su abuela, Andere. Pero gracias a los poderes de Andere y su gato Baltaxar no ser\u00e1 un fin de semana normal. Se embarcar\u00e1n en un viaje, viviendo aventuras agridulces en&hellip;<\/p>\n","protected":false},"author":2,"featured_media":0,"parent":0,"menu_order":0,"comment_status":"closed","ping_status":"closed","template":"","meta":{"footnotes":""},"class_list":["post-1327","page","type-page","status-publish","hentry"],"_links":{"self":[{"href":"https:\/\/loturafilms.eus\/es\/wp-json\/wp\/v2\/pages\/1327","targetHints":{"allow":["GET"]}}],"collection":[{"href":"https:\/\/loturafilms.eus\/es\/wp-json\/wp\/v2\/pages"}],"about":[{"href":"https:\/\/loturafilms.eus\/es\/wp-json\/wp\/v2\/types\/page"}],"author":[{"embeddable":true,"href":"https:\/\/loturafilms.eus\/es\/wp-json\/wp\/v2\/users\/2"}],"replies":[{"embeddable":true,"href":"https:\/\/loturafilms.eus\/es\/wp-json\/wp\/v2\/comments?post=1327"}],"version-history":[{"count":0,"href":"https:\/\/loturafilms.eus\/es\/wp-json\/wp\/v2\/pages\/1327\/revisions"}],"wp:attachment":[{"href":"https:\/\/loturafilms.eus\/es\/wp-json\/wp\/v2\/media?parent=1327"}],"curies":[{"name":"wp","href":"https:\/\/api.w.org\/{rel}","templated":true}]}}