{"id":1329,"date":"2021-07-12T12:41:16","date_gmt":"2021-07-12T10:41:16","guid":{"rendered":"https:\/\/loturafilms.eus\/nur-eta-herensugearen-tenplua\/"},"modified":"2022-01-25T09:27:47","modified_gmt":"2022-01-25T08:27:47","slug":"nur-eta-herensugearen-tenplua","status":"publish","type":"page","link":"https:\/\/loturafilms.eus\/es\/nur-eta-herensugearen-tenplua\/","title":{"rendered":"Nur eta herensugearen tenplua"},"content":{"rendered":"\n<h1>\n\t\tNUR ETA HERENSUGEAREN TENPLUA\n\t<\/h1>\n\t<p>Nur se ha mudado junto a sus padres de Larrabetegi a China. All\u00ed, har\u00e1n nuevos amigos y acudir\u00e1n a un inmenso parque de juegos para celebrar el cumplea\u00f1os de sus amigos. Un amigo de la cuadrilla se alejar\u00e1 y saldr\u00e1n en su busca Nur y sus amigos pero en el camino se sumergir\u00e1n en un laberinto del que los j\u00f3venes tendr\u00e1n muchos quebraderos de cabeza para salir.<\/p>\n\t<iframe allowfullscreen allow=\"autoplay\" data-src=\"https:\/\/www.youtube.com\/embed\/WyEZlSQn98w?feature=oembed&amp;start&amp;end&amp;wmode=opaque&amp;loop=0&amp;controls=1&amp;mute=0&amp;rel=0&amp;modestbranding=1\"><\/iframe>\t\t\n\t\t\t\t\tPlay Video\n\t\t\tA\u00d1O\n\t\t\t\t\t<h4>2017<\/h4>\n\t\t\tTIPO DE PREODUCCI\u00d3N\n\t\t\t\t\t<h4>Largometraje<\/h4>\n\t\t\tDURACI\u00d3N\n\t\t\t\t\t<h4>74 minutos<\/h4>\n\t\t\tDIRECCI\u00d3N\n\t\t\t\t\t<h4>Juanba Berasategi<\/h4>\n\t\t\tDIRECTOR DE ANIMACI\u00d3N\n\t\t\t\t\t<h4>Imanol Zinkunegi<\/h4>\n\t\t\tGUI\u00d3N\n\t\t\t\t\t<h4>Toti Martinez de Lezea<br \/>Eneko Olasagasti<\/h4>\n\t\t\tDIRECTOR DE FOTOGRAF\u00cdA\n\t\t\t\t\t<h4>Eduardo Elosegi<\/h4>\n\t\t\tM\u00daSICA\n\t\t\t\t\t<h4>Joserra Senperena<\/h4>\n\t\t\tSTORY BOARD\n\t\t\t\t\t<h4>Jose Angel Lopetegi<\/h4>\n<h2>\n\t\tENLACES INTERESANTES\n\t<\/h2>\n\t\t\tNaiz\n\t\t\t<p>Lotura Films-en lana azaldu du Miren Berasategik<\/p>\n\t\t\t\t\t\t<a href=\"https:\/\/www.naiz.eus\/eu\/mediateca\/video\/lotura-films-en-lana-azaldu-du-miren-berasategik\" target=\"_blank\" role=\"button\" rel=\"noopener\">\n\t\t\t\tVER\t\t\t<\/a>\n\t\t\tZinea\n\t\t\t<p>Miren Berasategi \u00abJuanbak irekitako bidea aprobetxatu behar dugu\u00bb<\/p>\n\t\t\t\t\t\t<a href=\"https:\/\/www.zinea.eus\/2017\/06\/02\/miren-berasategi-nur\/\" target=\"_blank\" role=\"button\" rel=\"noopener\">\n\t\t\t\tVER\t\t\t<\/a>\n\t\t\t<p>Naiz<\/p>\n\t\t\t<p>Juanba Berasategiren azken filma estreinatuko dute ekainaren 2an<\/p>\n\t\t\t\t\t\t<a href=\"https:\/\/www.naiz.eus\/eu\/info\/noticia\/20170515\/juanba-berasategiren-azken-filma-estreinatuko-dute-ekainaren-2an\" target=\"_blank\" role=\"button\" rel=\"noopener\">\n\t\t\t\tVER\t\t\t<\/a>\n\t\t\tBilbao euskaraz\n\t\t\t<p>Ekainaren 2an estreinatuko da &#8216;Nur eta Herensugearen Tenplua&#8217; film berria, Toti Martinez de Lezearen eleberrian oinarrituta&#8230;<\/p>\n\t\t\t\t\t\t<a href=\"https:\/\/bilbaoeuskaraz.bilbao.eus\/2017\/05\/30\/ekainaren-2an-estreinatuko-da-nur-eta-herensugearen-tenplua-film-berria-toti-martinez-de-lezearen-eleberrian-oinarrituta-lehenengo-animaziozko-filma\/\" target=\"_blank\" role=\"button\" rel=\"noopener\">\n\t\t\t\tVER\t\t\t<\/a>\n\t\t\tDiario Vasco\n\t\t\t<p>Llega a las salas &#8216;Nur eta Herensugearen tenplua&#8217;, \u00faltima pel\u00edcula&#8230;<\/p>\n\t\t\t\t\t\t<a href=\"https:\/\/www.diariovasco.com\/culturas\/201705\/25\/llega-salas-herensugearen-tenplua-20170524001903-v.html\" target=\"_blank\" role=\"button\" rel=\"noopener\">\n\t\t\t\tVER\t\t\t<\/a>\n<h2>\n\t\tPERSONAJES\n\t<\/h2>\n\t\t<h4>Nur<\/h4>\n\t\t\t\t\t\t<figure>\n\t\t\t\t\t\t\t<img decoding=\"async\" src=\"https:\/\/loturafilms.eus\/wp-content\/uploads\/2021\/08\/NUR-214x300.jpg\" alt=\"\" \/>\n\t\t\t\t\t\t<\/figure>\n\t\t<h4>Ali<\/h4>\n\t\t\t\t\t\t<figure>\n\t\t\t\t\t\t\t<img decoding=\"async\" src=\"https:\/\/loturafilms.eus\/wp-content\/uploads\/2021\/08\/ALI-214x300.jpg\" alt=\"\" \/>\n\t\t\t\t\t\t<\/figure>\n\t\t<h4>Faiza<\/h4>\n\t\t\t\t\t\t<figure>\n\t\t\t\t\t\t\t<img decoding=\"async\" src=\"https:\/\/loturafilms.eus\/wp-content\/uploads\/2021\/08\/FAIZA-214x300.jpg\" alt=\"\" \/>\n\t\t\t\t\t\t<\/figure>\n\t\t<h4>Guo Guo<\/h4>\n\t\t\t\t\t\t<figure>\n\t\t\t\t\t\t\t<img decoding=\"async\" src=\"https:\/\/loturafilms.eus\/wp-content\/uploads\/2021\/08\/GUOGUO-214x300.jpg\" alt=\"\" \/>\n\t\t\t\t\t\t<\/figure>\n\t\t<h4>Jung Yu<\/h4>\n\t\t\t\t\t\t<figure>\n\t\t\t\t\t\t\t<img decoding=\"async\" src=\"https:\/\/loturafilms.eus\/wp-content\/uploads\/2021\/08\/JUNG-YU-214x300.jpg\" alt=\"\" \/>\n\t\t\t\t\t\t<\/figure>\n\t\t<h4>Mutiko gaiztoa<\/h4>\n\t\t\t\t\t\t<figure>\n\t\t\t\t\t\t\t<img decoding=\"async\" src=\"https:\/\/loturafilms.eus\/wp-content\/uploads\/2021\/08\/MUTIKO-GAIZTOA-214x300.jpg\" alt=\"\" \/>\n\t\t\t\t\t\t<\/figure>\n\t\t<h4>Neska Gaiztoa<\/h4>\n\t\t\t\t\t\t<figure>\n\t\t\t\t\t\t\t<img decoding=\"async\" src=\"https:\/\/loturafilms.eus\/wp-content\/uploads\/2021\/08\/NESKA-GAIZTOA-214x300.jpg\" alt=\"\" \/>\n\t\t\t\t\t\t<\/figure>\n\t\t<h4>Sara<\/h4>\n\t\t\t\t\t\t<figure>\n\t\t\t\t\t\t\t<img decoding=\"async\" src=\"https:\/\/loturafilms.eus\/wp-content\/uploads\/2021\/08\/SARA-214x300.jpg\" alt=\"\" \/>\n\t\t\t\t\t\t<\/figure>\n\t\t<h4>Zhimin<\/h4>\n\t\t\t\t\t\t<figure>\n\t\t\t\t\t\t\t<img decoding=\"async\" src=\"https:\/\/loturafilms.eus\/wp-content\/uploads\/2021\/08\/ZHIMIN-214x300.jpg\" alt=\"\" \/>\n\t\t\t\t\t\t<\/figure>\n\t\n","protected":false},"excerpt":{"rendered":"<p>NUR ETA HERENSUGEAREN TENPLUA Nur se ha mudado junto a sus padres de Larrabetegi a China. All\u00ed, har\u00e1n nuevos amigos y acudir\u00e1n a un inmenso parque de juegos para celebrar el cumplea\u00f1os de sus amigos. Un amigo de la cuadrilla se alejar\u00e1 y saldr\u00e1n en su busca Nur y sus amigos pero en el camino&hellip;<\/p>\n","protected":false},"author":2,"featured_media":0,"parent":0,"menu_order":0,"comment_status":"closed","ping_status":"closed","template":"","meta":{"footnotes":""},"class_list":["post-1329","page","type-page","status-publish","hentry"],"_links":{"self":[{"href":"https:\/\/loturafilms.eus\/es\/wp-json\/wp\/v2\/pages\/1329","targetHints":{"allow":["GET"]}}],"collection":[{"href":"https:\/\/loturafilms.eus\/es\/wp-json\/wp\/v2\/pages"}],"about":[{"href":"https:\/\/loturafilms.eus\/es\/wp-json\/wp\/v2\/types\/page"}],"author":[{"embeddable":true,"href":"https:\/\/loturafilms.eus\/es\/wp-json\/wp\/v2\/users\/2"}],"replies":[{"embeddable":true,"href":"https:\/\/loturafilms.eus\/es\/wp-json\/wp\/v2\/comments?post=1329"}],"version-history":[{"count":0,"href":"https:\/\/loturafilms.eus\/es\/wp-json\/wp\/v2\/pages\/1329\/revisions"}],"wp:attachment":[{"href":"https:\/\/loturafilms.eus\/es\/wp-json\/wp\/v2\/media?parent=1329"}],"curies":[{"name":"wp","href":"https:\/\/api.w.org\/{rel}","templated":true}]}}