{"id":1332,"date":"2021-07-12T14:42:20","date_gmt":"2021-07-12T12:42:20","guid":{"rendered":"https:\/\/loturafilms.eus\/simplemente\/"},"modified":"2021-11-08T10:15:27","modified_gmt":"2021-11-08T09:15:27","slug":"simplemente","status":"publish","type":"page","link":"https:\/\/loturafilms.eus\/es\/simplemente\/","title":{"rendered":"Simplemente"},"content":{"rendered":"\n<h1>\n\t\tSIMPLEMENTE\n\t<\/h1>\n\t<p>Los integrantes de Despertar de los Sentidos tienen dos caracter\u00edsticas principales: la pasi\u00f3n por la danza y el S\u00edndrome de Down. El grupo se reunir\u00e1 en un campamento de Cantabria para preparar el nuevo espect\u00e1culo.<\/p>\n<p>El documental ha reunido las voces de los protagonistas, superando conceptos como barreras, inferioridad, marginaci\u00f3n o exclusi\u00f3n.<\/p>\n\t<iframe allowfullscreen allow=\"autoplay\" data-src=\"https:\/\/www.youtube.com\/embed\/IJumOFdlxBw?feature=oembed&amp;start&amp;end&amp;wmode=opaque&amp;loop=0&amp;controls=1&amp;mute=0&amp;rel=0&amp;modestbranding=1\"><\/iframe>\t\t\n\t\t\t\t\tPlay Video\n\t\t\tA\u00d1O\n\t\t\t\t\t<h4>2010<\/h4>\n\t\t\tTIPO DE PRODUCCI\u00d3N\n\t\t\t\t\t<h4>Largometraje<\/h4>\n\t\t\tDURACI\u00d3N\n\t\t\t\t\t<h4>68 minutos<\/h4>\n\t\t\tDIRECCI\u00d3N\n\t\t\t\t\t<h4>John Andueza<\/h4>\n\t\t\tGUI\u00d3N\n\t\t\t\t\t<h4>Marian Porcel<\/h4>\n\t\t\tM\u00daSICA\n\t\t\t\t\t<h4>Joserra Senperena<\/h4>\n<h2>\n\t\tENLACES INTERESANTES\n\t<\/h2>\n\t\t\tRadio Euskadi\n\t\t\t<p>&#8216;Simplemente&#8217;, de Jon Andueza, en cines<\/p>\n\t\t\t\t\t\t<a href=\"https:\/\/www.eitb.eus\/es\/radio\/detalle\/436389\/simplemente-jon-andueza-cines\/\" target=\"_blank\" role=\"button\" rel=\"noopener\">\n\t\t\t\tVER\t\t\t<\/a>\n\n","protected":false},"excerpt":{"rendered":"<p>SIMPLEMENTE Los integrantes de Despertar de los Sentidos tienen dos caracter\u00edsticas principales: la pasi\u00f3n por la danza y el S\u00edndrome de Down. El grupo se reunir\u00e1 en un campamento de Cantabria para preparar el nuevo espect\u00e1culo. El documental ha reunido las voces de los protagonistas, superando conceptos como barreras, inferioridad, marginaci\u00f3n o exclusi\u00f3n. Play Video&hellip;<\/p>\n","protected":false},"author":2,"featured_media":0,"parent":0,"menu_order":0,"comment_status":"closed","ping_status":"closed","template":"","meta":{"footnotes":""},"class_list":["post-1332","page","type-page","status-publish","hentry"],"_links":{"self":[{"href":"https:\/\/loturafilms.eus\/es\/wp-json\/wp\/v2\/pages\/1332","targetHints":{"allow":["GET"]}}],"collection":[{"href":"https:\/\/loturafilms.eus\/es\/wp-json\/wp\/v2\/pages"}],"about":[{"href":"https:\/\/loturafilms.eus\/es\/wp-json\/wp\/v2\/types\/page"}],"author":[{"embeddable":true,"href":"https:\/\/loturafilms.eus\/es\/wp-json\/wp\/v2\/users\/2"}],"replies":[{"embeddable":true,"href":"https:\/\/loturafilms.eus\/es\/wp-json\/wp\/v2\/comments?post=1332"}],"version-history":[{"count":0,"href":"https:\/\/loturafilms.eus\/es\/wp-json\/wp\/v2\/pages\/1332\/revisions"}],"wp:attachment":[{"href":"https:\/\/loturafilms.eus\/es\/wp-json\/wp\/v2\/media?parent=1332"}],"curies":[{"name":"wp","href":"https:\/\/api.w.org\/{rel}","templated":true}]}}