{"id":1340,"date":"2021-07-12T15:37:29","date_gmt":"2021-07-12T13:37:29","guid":{"rendered":"https:\/\/loturafilms.eus\/txirri-mirri-eta-txiribiton\/"},"modified":"2021-11-08T10:20:28","modified_gmt":"2021-11-08T09:20:28","slug":"txirri-mirri-eta-txiribiton","status":"publish","type":"page","link":"https:\/\/loturafilms.eus\/es\/txirri-mirri-eta-txiribiton\/","title":{"rendered":"Txirri, Mirri eta Txiribiton"},"content":{"rendered":"\n<h1>\n\t\tTXIRRI, MIRRI ETA TXIRIBITON\n\t<\/h1>\n\t<p>Los desiertos est\u00e1n helados. Los polos Norte y Sur se est\u00e1n derritiendo. Bajo el mar, unos malvados robots han cometido una enorme matanza. La responsable de todo ello, la malvada Lady Control, lanza una grave amenaza: \u00ab A los ni\u00f1os del mundo se les prohibir\u00e1n todos los juegos, las risas, los entretenimientos y los mimos, \u00a1de lo contrario destruir\u00e1 todo el planeta! \u00a1Qu\u00e9 miedo! \u00a1El mundo est\u00e1 perdido! La \u00fanica esperanza son tres valientes compa\u00f1eros: no son guerreros, no tienen armas, pero saben provocar la risa e hinchar globos. Txirri, Mirri y Txiribiton, montados en Tortolika, se lanzar\u00e1n al fondo del mar, superando todos los riesgos, para hacer frente a la infame Lady Control.<\/p>\n\t<iframe allowfullscreen allow=\"autoplay\" data-src=\"https:\/\/www.youtube.com\/embed\/hEOJ5PTipb8?feature=oembed&amp;start&amp;end&amp;wmode=opaque&amp;loop=0&amp;controls=1&amp;mute=0&amp;rel=0&amp;modestbranding=1\"><\/iframe>\t\t\n\t\t\t\t\tPlay Video\n\t\t\tA\u00d1O\n\t\t\t\t\t<h4>2005<\/h4>\n\t\t\tTIPO DE PRODUCCI\u00d3N\n\t\t\t\t\t<h4>Largometraje<\/h4>\n\t\t\tDURACI\u00d3N\n\t\t\t\t\t<h4>68 minutos<\/h4>\n\t\t\tDIRECCI\u00d3N\n\t\t\t\t\t<h4>Imanol Zinkunegi<\/h4>\n\t\t\tGUI\u00d3N\n\t\t\t\t\t<h4>Juanba Berasategi <br \/> Joxean Mu\u00f1oz<\/h4>\n\t\t\tM\u00daSICA\n\t\t\t\t\t<h4>Joserra Senperena<\/h4>\n\n","protected":false},"excerpt":{"rendered":"<p>TXIRRI, MIRRI ETA TXIRIBITON Los desiertos est\u00e1n helados. Los polos Norte y Sur se est\u00e1n derritiendo. Bajo el mar, unos malvados robots han cometido una enorme matanza. La responsable de todo ello, la malvada Lady Control, lanza una grave amenaza: \u00ab A los ni\u00f1os del mundo se les prohibir\u00e1n todos los juegos, las risas, los&hellip;<\/p>\n","protected":false},"author":2,"featured_media":0,"parent":0,"menu_order":0,"comment_status":"closed","ping_status":"closed","template":"","meta":{"footnotes":""},"class_list":["post-1340","page","type-page","status-publish","hentry"],"_links":{"self":[{"href":"https:\/\/loturafilms.eus\/es\/wp-json\/wp\/v2\/pages\/1340","targetHints":{"allow":["GET"]}}],"collection":[{"href":"https:\/\/loturafilms.eus\/es\/wp-json\/wp\/v2\/pages"}],"about":[{"href":"https:\/\/loturafilms.eus\/es\/wp-json\/wp\/v2\/types\/page"}],"author":[{"embeddable":true,"href":"https:\/\/loturafilms.eus\/es\/wp-json\/wp\/v2\/users\/2"}],"replies":[{"embeddable":true,"href":"https:\/\/loturafilms.eus\/es\/wp-json\/wp\/v2\/comments?post=1340"}],"version-history":[{"count":0,"href":"https:\/\/loturafilms.eus\/es\/wp-json\/wp\/v2\/pages\/1340\/revisions"}],"wp:attachment":[{"href":"https:\/\/loturafilms.eus\/es\/wp-json\/wp\/v2\/media?parent=1340"}],"curies":[{"name":"wp","href":"https:\/\/api.w.org\/{rel}","templated":true}]}}