{"id":1341,"date":"2021-07-12T16:45:09","date_gmt":"2021-07-12T14:45:09","guid":{"rendered":"https:\/\/loturafilms.eus\/txirrita\/"},"modified":"2021-11-08T10:41:44","modified_gmt":"2021-11-08T09:41:44","slug":"txirrita","status":"publish","type":"page","link":"https:\/\/loturafilms.eus\/es\/txirrita\/","title":{"rendered":"Txirrita"},"content":{"rendered":"\n<h1>\n\t\tTXIRRITA\n\t<\/h1>\n\t<p>Se trata de una serie de dibujos animados que cuenta las historias del famoso bertsolari de Euskal Herria Jos\u00e9 Manuel Lujanbio Retegi, alias Txirrita. ETB emiti\u00f3 52 cap\u00edtulos en 1999.<\/p>\n\t<iframe allowfullscreen allow=\"autoplay\" data-src=\"https:\/\/www.youtube.com\/embed\/xMsVVlOzpEA?feature=oembed&amp;start=214&amp;end&amp;wmode=opaque&amp;loop=0&amp;controls=1&amp;mute=0&amp;rel=0&amp;modestbranding=1\"><\/iframe>\t\t\n\t\t\t\t\tPlay Video\n\t\t\tA\u00d1O\n\t\t\t\t\t<h4>1999<\/h4>\n\t\t\tTIPO DE PRODUCCI\u00d3N\n\t\t\t\t\t<h4>Serie de televisi\u00f3n<\/h4>\n\t\t\tDURACI\u00d3N\n\t\t\t\t\t<h4>57 ep x 7 minutos<\/h4>\n\t\t\tDIRECCI\u00d3N\n\t\t\t\t\t<h4>Juaba Berasategi<\/h4>\n\t\t\tGUI\u00d3N\n\t\t\t\t\t<h4>Koldo Izagirre<\/h4>\n\t\t\tCASA PRODUCTORA\n\t\t\t\t\t<h4>Irusoin \/ Etb<\/h4>\n\t\t\tANIMACI\u00d3N\n\t\t\t\t\t<h4>Lotura Films<\/h4>\n\t\t\tM\u00daSICA\n\t\t\t\t\t<h4>Bixente Martinez<\/h4>\n\n","protected":false},"excerpt":{"rendered":"<p>TXIRRITA Se trata de una serie de dibujos animados que cuenta las historias del famoso bertsolari de Euskal Herria Jos\u00e9 Manuel Lujanbio Retegi, alias Txirrita. ETB emiti\u00f3 52 cap\u00edtulos en 1999. Play Video A\u00d1O 1999 TIPO DE PRODUCCI\u00d3N Serie de televisi\u00f3n DURACI\u00d3N 57 ep x 7 minutos DIRECCI\u00d3N Juaba Berasategi GUI\u00d3N Koldo Izagirre CASA PRODUCTORA&hellip;<\/p>\n","protected":false},"author":2,"featured_media":0,"parent":0,"menu_order":0,"comment_status":"closed","ping_status":"closed","template":"","meta":{"footnotes":""},"class_list":["post-1341","page","type-page","status-publish","hentry"],"_links":{"self":[{"href":"https:\/\/loturafilms.eus\/es\/wp-json\/wp\/v2\/pages\/1341","targetHints":{"allow":["GET"]}}],"collection":[{"href":"https:\/\/loturafilms.eus\/es\/wp-json\/wp\/v2\/pages"}],"about":[{"href":"https:\/\/loturafilms.eus\/es\/wp-json\/wp\/v2\/types\/page"}],"author":[{"embeddable":true,"href":"https:\/\/loturafilms.eus\/es\/wp-json\/wp\/v2\/users\/2"}],"replies":[{"embeddable":true,"href":"https:\/\/loturafilms.eus\/es\/wp-json\/wp\/v2\/comments?post=1341"}],"version-history":[{"count":0,"href":"https:\/\/loturafilms.eus\/es\/wp-json\/wp\/v2\/pages\/1341\/revisions"}],"wp:attachment":[{"href":"https:\/\/loturafilms.eus\/es\/wp-json\/wp\/v2\/media?parent=1341"}],"curies":[{"name":"wp","href":"https:\/\/api.w.org\/{rel}","templated":true}]}}