{"id":1342,"date":"2021-09-07T16:57:26","date_gmt":"2021-09-07T14:57:26","guid":{"rendered":"https:\/\/loturafilms.eus\/un-enanito-muy-pequeno\/"},"modified":"2021-10-25T08:01:48","modified_gmt":"2021-10-25T06:01:48","slug":"un-enanito-muy-pequeno","status":"publish","type":"page","link":"https:\/\/loturafilms.eus\/es\/un-enanito-muy-pequeno\/","title":{"rendered":"Un enanito muy peque\u00f1o"},"content":{"rendered":"\n<h1>\n\t\tUN ENANITO MUY PEQUE\u00d1O\n\t<\/h1>\n\t<p>Ilustraciones de cuento hechas por Lotura Films para la editorial EREIN.<\/p>\n\t\t\tA\u00d1O\n\t\t\t\t\t<h4>2013<\/h4>\n\t\t\tESCRITOR\n\t\t\t\t\t<h4>Toti Martinez de Lezea<\/h4>\n\t\t\tTIPO DE PRODUCCI\u00d3N\n\t\t\t\t\t<h4>Ipuina<\/h4>\n\t\t\tILUSTRACI\u00d3N\n\t\t\t\t\t<h4>Lotura Films, S.L.<\/h4>\n<h2>\n\t\tPORTADA\n\t<\/h2>\n\t\t\t\t<a href=\"https:\/\/loturafilms.eus\/wp-content\/uploads\/2021\/09\/unenanito-portada.jpg\" target=\"_self\" itemprop=\"url\" rel=\"noopener\">\n\t\t\t\t<img decoding=\"async\" src=\"https:\/\/loturafilms.eus\/wp-content\/uploads\/2021\/09\/unenanito-portada.jpg\" alt=\"UN ENANITO MUY PEQUE\u00d1O\" itemprop=\"image\" height=\"850\" width=\"1200\" title=\"unenanito-portada\" onerror=\"this.style.display='none'\"  \/>\n\t\t\t\t<\/a>\n\n","protected":false},"excerpt":{"rendered":"<p>UN ENANITO MUY PEQUE\u00d1O Ilustraciones de cuento hechas por Lotura Films para la editorial EREIN. A\u00d1O 2013 ESCRITOR Toti Martinez de Lezea TIPO DE PRODUCCI\u00d3N Ipuina ILUSTRACI\u00d3N Lotura Films, S.L. PORTADA<\/p>\n","protected":false},"author":2,"featured_media":0,"parent":0,"menu_order":0,"comment_status":"closed","ping_status":"closed","template":"","meta":{"footnotes":""},"class_list":["post-1342","page","type-page","status-publish","hentry"],"_links":{"self":[{"href":"https:\/\/loturafilms.eus\/es\/wp-json\/wp\/v2\/pages\/1342","targetHints":{"allow":["GET"]}}],"collection":[{"href":"https:\/\/loturafilms.eus\/es\/wp-json\/wp\/v2\/pages"}],"about":[{"href":"https:\/\/loturafilms.eus\/es\/wp-json\/wp\/v2\/types\/page"}],"author":[{"embeddable":true,"href":"https:\/\/loturafilms.eus\/es\/wp-json\/wp\/v2\/users\/2"}],"replies":[{"embeddable":true,"href":"https:\/\/loturafilms.eus\/es\/wp-json\/wp\/v2\/comments?post=1342"}],"version-history":[{"count":0,"href":"https:\/\/loturafilms.eus\/es\/wp-json\/wp\/v2\/pages\/1342\/revisions"}],"wp:attachment":[{"href":"https:\/\/loturafilms.eus\/es\/wp-json\/wp\/v2\/media?parent=1342"}],"curies":[{"name":"wp","href":"https:\/\/api.w.org\/{rel}","templated":true}]}}