{"id":1343,"date":"2021-09-07T17:06:58","date_gmt":"2021-09-07T15:06:58","guid":{"rendered":"https:\/\/loturafilms.eus\/urtemuga-opari-bat\/"},"modified":"2021-10-25T08:00:57","modified_gmt":"2021-10-25T06:00:57","slug":"urtemuga-opari-bat","status":"publish","type":"page","link":"https:\/\/loturafilms.eus\/es\/urtemuga-opari-bat\/","title":{"rendered":"Urtemuga opari bat"},"content":{"rendered":"\n<h1>\n\t\tURTEMUGA OPARI BAT\n\t<\/h1>\n\t<p>Ilustraciones de cuento hechas por Lotura Films para la editorial EREIN.<\/p>\n\t\t\tA\u00d1O\n\t\t\t\t\t<h4>2013<\/h4>\n\t\t\tESCRITOR\n\t\t\t\t\t<h4>Toti Martinez de Lezea<\/h4>\n\t\t\tTIPO DE PRODUCCI\u00d3N\n\t\t\t\t\t<h4>Cuento<\/h4>\n\t\t\tILUSTRACI\u00d3N\n\t\t\t\t\t<h4>Lotura Films, S.L.<\/h4>\n<h2>\n\t\tPORTADA\n\t<\/h2>\n\t\t\t\t<a href=\"https:\/\/loturafilms.eus\/wp-content\/uploads\/2021\/09\/URTEMUGA-PORTADA.jpg\" target=\"_self\" itemprop=\"url\" rel=\"noopener\">\n\t\t\t\t<img decoding=\"async\" src=\"https:\/\/loturafilms.eus\/wp-content\/uploads\/2021\/09\/URTEMUGA-PORTADA.jpg\" alt=\"URTEMUGA-PORTADA\" itemprop=\"image\" height=\"850\" width=\"1200\" title=\"URTEMUGA-PORTADA\" onerror=\"this.style.display='none'\"  \/>\n\t\t\t\t<\/a>\n\n","protected":false},"excerpt":{"rendered":"<p>URTEMUGA OPARI BAT Ilustraciones de cuento hechas por Lotura Films para la editorial EREIN. A\u00d1O 2013 ESCRITOR Toti Martinez de Lezea TIPO DE PRODUCCI\u00d3N Cuento ILUSTRACI\u00d3N Lotura Films, S.L. PORTADA<\/p>\n","protected":false},"author":2,"featured_media":0,"parent":0,"menu_order":0,"comment_status":"closed","ping_status":"closed","template":"","meta":{"footnotes":""},"class_list":["post-1343","page","type-page","status-publish","hentry"],"_links":{"self":[{"href":"https:\/\/loturafilms.eus\/es\/wp-json\/wp\/v2\/pages\/1343","targetHints":{"allow":["GET"]}}],"collection":[{"href":"https:\/\/loturafilms.eus\/es\/wp-json\/wp\/v2\/pages"}],"about":[{"href":"https:\/\/loturafilms.eus\/es\/wp-json\/wp\/v2\/types\/page"}],"author":[{"embeddable":true,"href":"https:\/\/loturafilms.eus\/es\/wp-json\/wp\/v2\/users\/2"}],"replies":[{"embeddable":true,"href":"https:\/\/loturafilms.eus\/es\/wp-json\/wp\/v2\/comments?post=1343"}],"version-history":[{"count":0,"href":"https:\/\/loturafilms.eus\/es\/wp-json\/wp\/v2\/pages\/1343\/revisions"}],"wp:attachment":[{"href":"https:\/\/loturafilms.eus\/es\/wp-json\/wp\/v2\/media?parent=1343"}],"curies":[{"name":"wp","href":"https:\/\/api.w.org\/{rel}","templated":true}]}}