{"id":1625,"date":"2021-11-08T12:36:14","date_gmt":"2021-11-08T11:36:14","guid":{"rendered":"https:\/\/loturafilms.eus\/lege-oharra\/"},"modified":"2022-01-20T14:29:41","modified_gmt":"2022-01-20T13:29:41","slug":"aviso-legal","status":"publish","type":"page","link":"https:\/\/loturafilms.eus\/es\/aviso-legal\/","title":{"rendered":"Aviso legal"},"content":{"rendered":"\r\n<h1>Aviso legal<\/h1>\r\n<p>En cumplimiento de la Ley 34\/2002, de 11 de julio, de Servicios de la Sociedad de la Informaci\u00f3n y de Comercio Electr\u00f3nico, le informamos que el dominio de internet www.loturafilms.eus es titularidad de:<\/p>\r\n<ul>\r\n<li>Nombre de la sociedad: Lotura Films<\/li>\r\n<li>CIF: B20420055<\/li>\r\n<li>Sede social: Jose Elosegi, 82 behea, 20015 Donostia (Gipuzkoa)<\/li>\r\n<li>Tel\u00e9fono: 943 292 255<\/li>\r\n<li>E-mail: info@loturafilms.eus<\/li>\r\n<\/ul>\r\n<p>Los apartados a los que se refiere este aviso legal son los siguientes:<\/p>\r\n<ol>\r\n<li>Condiciones generales<\/li>\r\n<li>Propiedad intelectual e industrial<\/li>\r\n<li>Modificaciones<\/li>\r\n<li>Jurisdicci\u00f3n<\/li>\r\n<li>Protecci\u00f3n de datos de car\u00e1cter personal<\/li>\r\n<li>Vigencia<\/li>\r\n<\/ol>\r\n<p>&nbsp;<\/p>\r\n<p><strong>1. Condiciones generales<\/strong><\/p>\r\n<p>El usuario accede a este sitio web de forma voluntaria. El acceso a este sitio web tiene car\u00e1cter gratuito. La navegaci\u00f3n en este sitio web implica aceptar y conocer las advertencias legales, condiciones y t\u00e9rminos de uso y pol\u00edtica de privacidad contenidos en \u00e9l. Si el usuario no est\u00e1 de acuerdo con estas condiciones de uso y no presta su consentimiento, no podr\u00e1 hacer uso de este sitio web.<\/p>\r\n<p>El acceso a este sitio web, as\u00ed como el uso que pueda hacerse de la informaci\u00f3n que contiene, son de la exclusiva responsabilidad del usuario. El usuario se compromete a hacer uso del mismo de acuerdo a la finalidad del sitio web.<\/p>\r\n<p>El usuario no puede hacer un uso il\u00edcito de la informaci\u00f3n contenida en esta web, ni llevar a cabo acciones que puedan da\u00f1ar o alterar los sistemas inform\u00e1ticos de esta web.<\/p>\r\n<p>Queda prohibida la inclusi\u00f3n y comunicaci\u00f3n de contenidos, por parte de los usuarios, que sean falsos o inexactos y que induzcan o puedan inducir a error. El usuario ser\u00e1 el \u00fanico responsable de los perjuicios que cause mediante la comunicaci\u00f3n de dichos datos.<\/p>\r\n<p>Queda prohibido el uso de datos personales de terceros sin su consentimiento, as\u00ed como el uso de datos identificativos de terceros con el \u00e1nimo de hacerse pasar por o fingir ser cualquier otra persona o entidad.<\/p>\r\n<p>Lotura Films realiza los m\u00e1ximos esfuerzos para evitar errores en los contenidos que se publican en el sitio web, reserv\u00e1ndose la facultad de poder modificarlos en cualquier momento. Lotura Films declina expresamente cualquier responsabilidad por error u omisi\u00f3n en los contenidos de este sitio web y de los da\u00f1os y perjuicios que puedan deberse a la falta de veracidad, exactitud y actualidad de los mismos.<\/p>\r\n<p>Lotura Films puede ofrecer enlaces a otros sitios web o facilitar su acceso mediante un buscador ubicado en su sitio web. Lotura Films no asume ninguna responsabilidad en relaci\u00f3n con estos sitios enlazados, ni los resultados de las b\u00fasquedas, ya que no tiene ning\u00fan tipo de control sobre ellos, su contenido, productos y servicios ofrecidos, etc. La finalidad de estos servicios es informar al usuario de otras fuentes de informaci\u00f3n, por lo que el usuario accede bajo su exclusiva responsabilidad al contenido y en las condiciones de uso que rijan en los mismos.<\/p>\r\n<p>Lotura Films no se responsabilizar\u00e1 de ninguna consecuencia, da\u00f1o o perjuicio que pudieran derivarse del uso de este sitio web o de sus contenidos, incluidos da\u00f1os inform\u00e1ticos y la introducci\u00f3n de virus. Lotura Films no garantiza la ausencia de virus ni de otros elementos en el sitio web, introducidos por terceros ajenos, que puedan producir alteraciones en los sistemas f\u00edsicos o l\u00f3gicos de los usuarios, pero utiliza todos los medios a su alcance para que esto no suceda.<\/p>\r\n<p>Lotura Films se reserva el derecho de modificar o borrar en cualquier momento, sin previo aviso y\/o justificaci\u00f3n, el dise\u00f1o, la configuraci\u00f3n y la informaci\u00f3n contenida en este sitio web, si as\u00ed lo estima oportuno. Lotura Films no se hace responsable de los perjuicios que estas modificaciones puedan causar. No obstante utilizar\u00e1 todos los recursos que tenga a su alcance para informar a los usuarios de dichas modificaciones.<\/p>\r\n<p>&nbsp;<\/p>\r\n<p><strong>2. Propiedad intelectual e industrial<\/strong><\/p>\r\n<p>Los materiales que se pueden encontrar en esta web, especialmente los audios, solo podr\u00e1n ser utilizados para fines educativos y de ocio. El usuario se compromete a no realizar ninguna acci\u00f3n que perjudique la titularidad de este sitio. La utilizaci\u00f3n no autorizada de la informaci\u00f3n contenida en este sitio web, as\u00ed como los perjuicios ocasionados en los derechos de propiedad intelectual e industrial de sus titulares, pueden dar lugar al ejercicio de las acciones que legalmente correspondan y, si procede, a las responsabilidades que de dicho ejercicio se deriven.<\/p>\r\n<p>&nbsp;<\/p>\r\n<p><strong>3. Modificaciones<\/strong><\/p>\r\n<p>Estas condiciones podr\u00e1n sufrir modificaciones cuando Lotura Films lo considere oportuno, bien con la finalidad de adecuarse a los cambios legislativos, bien con el fin de llevar a cabo otro tipo de mejoras. Estas modificaciones ser\u00e1n v\u00e1lidas desde su publicaci\u00f3n en este sitio web. Lotura Films utilizar\u00e1 todos los medios a su alcance para dar a conocer a los usuarios de la web los cambios realizados.<\/p>\r\n<p>&nbsp;<\/p>\r\n<p><strong>4. Jurisdicci\u00f3n<\/strong><\/p>\r\n<p>Las relaciones establecidas entre Lotura Films y el usuario se regir\u00e1n por lo dispuesto en la normativa vigente acerca de la legislaci\u00f3n aplicable y la jurisdicci\u00f3n competente. No obstante, para los casos en los que la normativa prevea la posibilidad a las partes de someterse a un fuero, Lotura Films y el usuario, con renuncia expresa a cualquier otro fuero que pudiera corresponderles, se someten a los Juzgados y Tribunales de Bilbao.<\/p>\r\n<p>&nbsp;<\/p>\r\n<p><strong>5. Protecci\u00f3n de datos de car\u00e1cter personal<\/strong> <strong>\u00bfCon qu\u00e9 finalidad tratamos sus datos?<\/strong><br \/>Recogemos sus datos a trav\u00e9s del apartado &#8216;Contacto&#8217; y solo los utilizaremos para ponernos en contacto co usted, en relaci\u00f3n a la consulta que nos plantee. <strong>\u00bfPor cu\u00e1nto tiempo conservaremos sus datos?<\/strong><br \/>Sus datos ser\u00e1n conservados mientras no se solicite su supresi\u00f3n y se guardar\u00e1n en el fichero CONTACTO de Lotura Films. <strong>\u00bfCu\u00e1l es la legitimaci\u00f3n para el tratamiento de sus datos?<\/strong><br \/>La base legal para el tratamiento de sus datos personales recogidos a trav\u00e9s de la web www.etxe-giroan.eus por parte de Lotura Films es la siguiente:<br \/>a. El consentimiento expreso que has manifestado al realizar la consulta. \u00bfA qu\u00e9 destinatarios se comunicar\u00e1n sus datos?<br \/>Sus datos no ser\u00e1n comunicados a terceros. <strong>\u00bfCu\u00e1les son sus derechos cuando nos facilita sus datos personales?<\/strong><br \/>La persona titular de los datos podr\u00e1 ejercitar los siguientes derechos en relaci\u00f3n a los mismos:<\/p>\r\n<p><u>Derecho de acceso: <\/u>el interesado podr\u00e1 solicitar a Lotura Films los datos tratados y en caso afirmativo qu\u00e9 datos personales concretos son tratados.<\/p>\r\n<p><u>Derecho de rectificaci\u00f3n: <\/u>el interesado podr\u00e1 solicitar a Lotura Films la correcci\u00f3n de sus datos personales en caso de no ser exactos.<\/p>\r\n<p><u>Derecho de supresi\u00f3n:<\/u> el interesado podr\u00e1 solicitar a Lotura Films el borrado de sus datos personales cuando, entre otros motivos, los datos ya no sean necesarios para los fines para los que fueron recogidos.<\/p>\r\n<p><u>Derecho de oposici\u00f3n: <\/u>el interesado podr\u00e1 oponerse a que Lotura Films realice un tratamiento de sus datos personales. En cuyo caso Lotura Films \u00fanicamente los conservar\u00e1 para el ejercicio o la defensa de reclamaciones.<\/p>\r\n<p><u>Derecho a la limitaci\u00f3n del tratamiento:<\/u> el interesado podr\u00e1 solicitar a Lotura Films que temporalmente no trate sus datos personales en unos supuestos concretos. En cuyo caso Lotura Films \u00fanicamente los conservar\u00e1 para el ejercicio o la defensa de reclamaciones.<\/p>\r\n<p><u>Derecho a la portabilidad:<\/u> el interesado podr\u00e1 solicitar a Lotura Films sus datos automatizados en un formato estructurado de f\u00e1cil acceso y manejo, as\u00ed como a solicitar su transmisi\u00f3n a otro responsable.<\/p>\r\n<p><u>Derecho de retirar el consentimiento:<\/u> cuando el tratamiento de sus datos est\u00e9 basado en el consentimiento, tendr\u00e1 derecho a retirar dicho consentimiento en cualquier momento, sin que ello afecte a la licitud del tratamiento basado en el consentimiento previo a su retirada.<\/p>\r\n<p><u>Derecho a presentar reclamaci\u00f3n:<\/u> tendr\u00e1 derecho a presentar una reclamaci\u00f3n ante la Agencia Espa\u00f1ola de Protecci\u00f3n de Datos, especialmente cuando no haya obtenido satisfacci\u00f3n en el ejercicio de sus derechos, bien a trav\u00e9s de la sede electr\u00f3nica de la misma (<a href=\"http:\/\/www.agpd.es\" target=\"_blank\" rel=\"noopener nofollow\">www.agpd.es<\/a>), o bien mediante escrito dirigido a su direcci\u00f3n postal (C\/Jorge Juan, 6, 28001-Madrid).<\/p>\r\n<p>Para ejercitar cualquiera de los derechos indicados, la persona titular de los datos puede dirigirse a la direcci\u00f3n postal o de correo electr\u00f3nico de Lotura Films, acompa\u00f1ando copia de su DNI para acreditar su identidad.<\/p>\r\n<p><strong>6. Vigencia<\/strong><\/p>\r\n<p>Lotura Films se reserva el derecho de modificar su pol\u00edtica de privacidad de acuerdo a su criterio, a cambios legislativos o jurisprudenciales. Si Lotura Films introdujera alguna modificaci\u00f3n, el nuevo texto ser\u00e1 publicado en este mismo sitio web, donde el usuario podr\u00e1 tener conocimiento de la misma. En cualquier caso, la relaci\u00f3n con los usuarios se regir\u00e1 por las normas previstas en el momento preciso en que se accede al sitio web. Es por ello que Lotura Films le recomienda visitar esta pol\u00edtica de privacidad de forma peri\u00f3dica.<\/p>\r\n","protected":false},"excerpt":{"rendered":"<p>Aviso legal En cumplimiento de la Ley 34\/2002, de 11 de julio, de Servicios de la Sociedad de la Informaci\u00f3n y de Comercio Electr\u00f3nico, le informamos que el dominio de internet www.loturafilms.eus es titularidad de: Nombre de la sociedad: Lotura Films CIF: B20420055 Sede social: Jose Elosegi, 82 behea, 20015 Donostia (Gipuzkoa) Tel\u00e9fono: 943 292&hellip;<\/p>\n","protected":false},"author":2,"featured_media":0,"parent":0,"menu_order":0,"comment_status":"closed","ping_status":"closed","template":"","meta":{"footnotes":""},"class_list":["post-1625","page","type-page","status-publish","hentry"],"_links":{"self":[{"href":"https:\/\/loturafilms.eus\/es\/wp-json\/wp\/v2\/pages\/1625","targetHints":{"allow":["GET"]}}],"collection":[{"href":"https:\/\/loturafilms.eus\/es\/wp-json\/wp\/v2\/pages"}],"about":[{"href":"https:\/\/loturafilms.eus\/es\/wp-json\/wp\/v2\/types\/page"}],"author":[{"embeddable":true,"href":"https:\/\/loturafilms.eus\/es\/wp-json\/wp\/v2\/users\/2"}],"replies":[{"embeddable":true,"href":"https:\/\/loturafilms.eus\/es\/wp-json\/wp\/v2\/comments?post=1625"}],"version-history":[{"count":0,"href":"https:\/\/loturafilms.eus\/es\/wp-json\/wp\/v2\/pages\/1625\/revisions"}],"wp:attachment":[{"href":"https:\/\/loturafilms.eus\/es\/wp-json\/wp\/v2\/media?parent=1625"}],"curies":[{"name":"wp","href":"https:\/\/api.w.org\/{rel}","templated":true}]}}