{"id":2093,"date":"2023-06-26T11:36:07","date_gmt":"2023-06-26T09:36:07","guid":{"rendered":"https:\/\/loturafilms.eus\/?page_id=2093"},"modified":"2023-06-26T14:29:30","modified_gmt":"2023-06-26T12:29:30","slug":"esan-ezan-ozen","status":"publish","type":"page","link":"https:\/\/loturafilms.eus\/es\/esan-ezan-ozen\/","title":{"rendered":"Esan Ezan Ozen"},"content":{"rendered":"\r\n<p><img decoding=\"async\" title=\"EEO_logo\" src=\"https:\/\/loturafilms.eus\/wp-content\/uploads\/2023\/06\/EEO_logo-1-1024x376.png\" alt=\"EEO_logo\" width=\"1024\" height=\"376\" \/><\/p>\r\n<p><strong>LARGOMETRAJE<\/strong><\/p>\r\n<p>70 min<\/p>\r\n<p>Infantil, adolescente, familiar<\/p>\r\n<article>Las gallinas se han adue\u00f1ado de la ciudad.<br \/>La lluvia se ha unido a los caracoles.<br \/>Los ping\u00fcinos han invadido nuestras playas\u2026<br \/>El mundo camina torcido, \u00e9sa es la opini\u00f3n de Garbi. Por si eso fuera poco, y sin pretenderlo, ella, la gata que pretende ser due\u00f1a de la noche, se ha hecho amiga del perro Busti. La pareja Garbi-Busti, a trav\u00e9s de diferencias y disputas, nos ofrece una interpretaci\u00f3n ir\u00f3nica del mundo de los humanos, tan raros ellos, como si el binomio gata-perro fuese algo normal. Sus di\u00e1logos son el hilo conductor de las historias que se desarrollan entre las familias, sus hijas y el mundo. Una madre opina que hay que cortar la lluvia. Otra cree que su hija ya tiene edad para dejarse de tonter\u00edas, por ejemplo, tener vocaci\u00f3n de bombera\u2026 Iholdi, Nora, Garazi, June son cuatro amigas en la adolescencia intentando que la realidad deje de ser tan racional para ser algo m\u00e1s humana. Defensoras de Mart\u00edn, un chico diferente. Ecologistas haciendo frente a los pesticidas. Solidarias con Teandra y Luisinho en un incendio provocado. Esa vida que los padres ignoran las hace ciudadanas cr\u00edticas y activas. El mundo puede caminar no tan torcido. Ese es el mensaje de nuestras adolescentes. Un parapente puede alzar aquella carabela abandonada en el muelle viejo y trasportarla a donde nace la utop\u00eda. Humor, cr\u00edtica e intriga para una historia de solidaridad. Una historia llena de historias que va madurando a trav\u00e9s de humanos y animales, tensiones y liberaciones.<\/article>\r\n<h2>PERSONAJES<\/h2>\r\n<p><img decoding=\"async\" title=\"BUSTI\" src=\"https:\/\/loturafilms.eus\/wp-content\/uploads\/bb-plugin\/cache\/BUSTI-square-9d354dc6585b080ba08243ad0f841f48-.png\" alt=\"BUSTI\" width=\"122\" height=\"121\" \/><\/p>\r\n<h3>Busti<\/h3>\r\n<p><em>Es el perro de June. Se zambulle en todos los pozos, riachuelos y corrientes. Tambi\u00e9n en las fuentes p\u00fablicas. No es muy limpio que se diga. Parece ser que los perros son as\u00ed. Garbi, la reina nocturna, hace todo lo posible por domarlo. In\u00fatil empe\u00f1o. Y no quiere admitir que se ha enamorado de un sucio perro.<\/em><\/p>\r\n<p><img decoding=\"async\" title=\"TEANDRA\" src=\"https:\/\/loturafilms.eus\/wp-content\/uploads\/bb-plugin\/cache\/TEANDRA-square-6a62befc3e874957e041b4e847bb036c-.png\" alt=\"TEANDRA\" width=\"122\" height=\"121\" \/><\/p>\r\n<h3>Teandra<\/h3>\r\n<p><em>Mujer grande. Y fuerte. Y la \u00fanica que comprende a Luisinho. Y la \u00fanica que intenta quitar la tristeza a Lul\u00fa. Y negra, muy negra. Y un tanto descarada con el resto de las mujeres. Y, sobre todo, de buen coraz\u00f3n.<\/em><\/p>\r\n<p><img decoding=\"async\" title=\"GARAZI\" src=\"https:\/\/loturafilms.eus\/wp-content\/uploads\/bb-plugin\/cache\/GARAZI-square-ab6bbb0d836201e9b1f92e21b38e345a-.png\" alt=\"GARAZI\" width=\"122\" height=\"121\" \/><\/p>\r\n<h3>Garazi<\/h3>\r\n<p><em>Qu\u00e9 alegr\u00eda la suya cuando truena. Tambi\u00e9n esta vive la realidad de otra manera: le encanta el \u00abmal tiempo\u00bb. Su madre cree que hay que cortarle el cuello a la lluvia. Como suena. Y la convicci\u00f3n de Garazi es que sus padres no saben qu\u00e9 es la fiesta del agua, no saben bailar en medio del chaparr\u00f3n, no saben meter los pies en los charcos. Su perro se llama Busti, otro elemento. Garazi y Busti \u00abNo est\u00e1n sanos de la cabeza\u00bb.<\/em><\/p>\r\n<p><img decoding=\"async\" title=\"GARBI\" src=\"https:\/\/loturafilms.eus\/wp-content\/uploads\/bb-plugin\/cache\/GARBI-square-5c149da8c4506949dd0329c4d6c4a16e-.png\" alt=\"GARBI\" width=\"122\" height=\"121\" \/><\/p>\r\n<h3>Garbi<\/h3>\r\n<p><em>Se pasea por los tejados tan elegante como si fuera la due\u00f1a de la noche. Salta como un tigre de balc\u00f3n a balc\u00f3n. Es muy limpia, pero no se arrima al agua. Dicen que los gatos y las gatas son as\u00ed. Una noche, casi sin darse cuenta, Garbi entabla conversaci\u00f3n con un perro. Gran cambio en su vida.<\/em><\/p>\r\n<p><img decoding=\"async\" title=\"LUISINHO\" src=\"https:\/\/loturafilms.eus\/wp-content\/uploads\/bb-plugin\/cache\/LUISINHO-square-97a4738c91cfaccb50b69f7ec68afad1-.png\" alt=\"LUISINHO\" width=\"122\" height=\"121\" \/><\/p>\r\n<h3>Luisinho<\/h3>\r\n<p><em>Un hombrecillo. Trabajador que sabe ganarse la vida con esto o con lo otro. Amigo de la cuadrilla de chavalas. M\u00e1s amigo de Teandra. Bonito contraste. \u00bfSer\u00e1 verdad que llegaron huyendo de la Amazonia en ese barco abandonado en el muelle?<\/em><\/p>\r\n<p><img decoding=\"async\" title=\"LIZAR\" src=\"https:\/\/loturafilms.eus\/wp-content\/uploads\/bb-plugin\/cache\/LIZAR-square-542ef8cc0256981470379fede73eb597-.png\" alt=\"LIZAR\" width=\"122\" height=\"121\" \/><\/p>\r\n<h3>June<\/h3>\r\n<p><em>Vive en \u00abLa Casa de los Raros\u00bb. As\u00ed denomina June a los que viven bajo su mismo tejado. Ese hombre calvo usa peluca amarilla. El joven del \u00faltimo piso hace cruasanes todas las noches. Su amiga Alazne siempre tiene la jaula abierta. Su abuela no hace mas que coser y coser. Poco a poco, June pone en duda su normalidad. \u00abSi todo me parece raro, puede que la rara sea yo\u2026\u00bb.<\/em><\/p>\r\n<p><img decoding=\"async\" title=\"MARKO\" src=\"https:\/\/loturafilms.eus\/wp-content\/uploads\/bb-plugin\/cache\/MARKO-square-b948d114ec83225151bfcd29ced15161-.png\" alt=\"MARKO\" width=\"122\" height=\"121\" \/><\/p>\r\n<h3>Marko<\/h3>\r\n<p><em>Es un peque\u00f1o ping\u00fcino. Desde que ha nacido un hermano se siente arrinconado. El le\u00f3n marino le hace saber que el coraz\u00f3n de una madre no tiene espacio para querer a dos ping\u00fcinos. Y Marco huye de la Ant\u00e1rtida a Europa, proclama enfadado \u00abMi madre no me quiere\u00bb a todo el mundo. Porque ahora su madre le canta al peque\u00f1o Lucas la canci\u00f3n que era suya, y solo suya.<\/em><\/p>\r\n<p><img decoding=\"async\" title=\"MOKOTXIKI\" src=\"https:\/\/loturafilms.eus\/wp-content\/uploads\/bb-plugin\/cache\/MOKOTXIKI-square-670cd74de3ddfa093e4eb79c3ac73f62-.png\" alt=\"MOKOTXIKI\" width=\"122\" height=\"121\" \/><\/p>\r\n<h3>Mokotxiki<\/h3>\r\n<p><em>\u00bfQu\u00e9 hace este p\u00e1jaro entre los hipop\u00f3tamos? \u00a1Si \u00e9l lo supiera! Se esfuerza pero no puede, no puede rugir como los hipop\u00f3tamos. Decide volver a una tierra sin hipop\u00f3tamos. Ahora tiene que encontrar a alguien que entienda su d\u00e9bil cantar. \u00a1Incluso dentro de la jaula!<\/em><\/p>\r\n<p><img decoding=\"async\" title=\"MARTIN\" src=\"https:\/\/loturafilms.eus\/wp-content\/uploads\/bb-plugin\/cache\/MARTIN-square-44598258bf4b72df4e335fd3d8f0a011-.png\" alt=\"MARTIN\" width=\"122\" height=\"121\" \/><\/p>\r\n<h3>Mart\u00edn<\/h3>\r\n<p><em>Se traga trozos de fresa por la nariz, inventa nuevas galaxias en la pizarra, llena las paredes de hermosos dibujos\u2026 Es diferente, s\u00ed, nuestro Mart\u00edn. Osea, que para algunas chicas es mucho m\u00e1s interesante que los otros chicos. Y eso les resulta inaceptable a los guapos de la clase. <\/em><\/p>\r\n<p><img decoding=\"async\" title=\"LULU\" src=\"https:\/\/loturafilms.eus\/wp-content\/uploads\/bb-plugin\/cache\/LULU-square-261da71568725c1d0eccd882eb4e9f0e-.png\" alt=\"LULU\" width=\"122\" height=\"121\" \/><\/p>\r\n<h3>Lul\u00fa<\/h3>\r\n<p><em>Despreciada por las dem\u00e1s gallinas. Incluso le ri\u00f1en porque come ma\u00edz como ellas aunque no trabaje. Porque esta es Lul\u00fa, la gallina que pierde color y no pone huevos. Menos mal que Teandra la proteje. Sus plumas vuelven a tomar color. E inesperadamente, se ha puesto a incubar. Pero no sobre un huevo.<\/em><\/p>\r\n<p><img decoding=\"async\" title=\"NORA\" src=\"https:\/\/loturafilms.eus\/wp-content\/uploads\/bb-plugin\/cache\/NORA-square-42e70b8333ad8a8eddc73decb0b9b212-.png\" alt=\"NORA\" width=\"122\" height=\"121\" \/><\/p>\r\n<h3>Nora<\/h3>\r\n<p><em>Tiene un t\u00edo en Nueva York. \u00c9l le trajo este juguete, el cami\u00f3n que a veces saca a pasear. Porque quiere ser bombera. Su madre no puede soportarlo, le parece una ni\u00f1er\u00eda. Al menos es lo que dice. Pero en el fondo, lo que su madre quiere es que Nora sea ingeniera o pediatra. Lo tiene dif\u00edcil, es terca. Poca ni\u00f1er\u00eda con esa chica. Trece a\u00f1os que tiene Nora: \u00ab\u00a1Los padres no se dan cuenta de nada!\u00bb.<\/em><\/p>\r\n<p><img decoding=\"async\" title=\"MIGELTXO\" src=\"https:\/\/loturafilms.eus\/wp-content\/uploads\/bb-plugin\/cache\/MIGELTXO-square-732b8876e2142c2a1e5850bab596848f-.png\" alt=\"MIGELTXO\" width=\"122\" height=\"121\" \/><\/p>\r\n<h3>Migeltxo<\/h3>\r\n<p>Ni\u00f1o de tres-cuatro a\u00f1os. Hermano de Iholdi. Buen o\u00eddo y buena memoria para todo lo que se habla a su alrededor. Le gusta intervenir en las conversaciones de los adultos. Inventa palabras. Le gusta ensuciarse en charcos y lodazales, como al perro Busti.Y atrapar gusanos.<\/p>\r\n<p><em>\u00a0<\/em><\/p>\r\n<h2>GALER\u00cdA<\/h2>\r\n<figure><img decoding=\"async\" src=\"https:\/\/loturafilms.eus\/wp-content\/uploads\/2023\/06\/EEO_42-0027-1.jpg\" alt=\"\" \/><\/figure>\r\n<figure><img decoding=\"async\" src=\"https:\/\/loturafilms.eus\/wp-content\/uploads\/2023\/06\/EEO_35-0097-1.jpg\" alt=\"\" \/><\/figure>\r\n<figure><img decoding=\"async\" src=\"https:\/\/loturafilms.eus\/wp-content\/uploads\/2023\/06\/EEO_30-0001.jpg\" alt=\"\" \/><\/figure>\r\n<figure><img decoding=\"async\" src=\"https:\/\/loturafilms.eus\/wp-content\/uploads\/2023\/06\/EEO_27-0021.jpg\" alt=\"\" \/><\/figure>\r\n<figure><img decoding=\"async\" src=\"https:\/\/loturafilms.eus\/wp-content\/uploads\/2023\/06\/BUSTI.jpg\" alt=\"\" \/><\/figure>\r\n<figure><img decoding=\"async\" src=\"https:\/\/loturafilms.eus\/wp-content\/uploads\/2023\/06\/GARAZI.jpg\" alt=\"\" \/><\/figure>\r\n<figure><img decoding=\"async\" src=\"https:\/\/loturafilms.eus\/wp-content\/uploads\/2023\/06\/GARBI.jpg\" alt=\"\" \/><\/figure>\r\n<figure><img decoding=\"async\" src=\"https:\/\/loturafilms.eus\/wp-content\/uploads\/2023\/06\/JUNE.jpg\" alt=\"\" \/><\/figure>\r\n<figure><img decoding=\"async\" src=\"https:\/\/loturafilms.eus\/wp-content\/uploads\/2023\/06\/LUISINHO.jpg\" alt=\"\" \/><\/figure>\r\n<figure><img decoding=\"async\" src=\"https:\/\/loturafilms.eus\/wp-content\/uploads\/2023\/06\/LULU.jpg\" alt=\"\" \/><\/figure>\r\n<figure><img decoding=\"async\" src=\"https:\/\/loturafilms.eus\/wp-content\/uploads\/2023\/06\/MARKO.jpg\" alt=\"\" \/><\/figure>\r\n<figure><img decoding=\"async\" src=\"https:\/\/loturafilms.eus\/wp-content\/uploads\/2023\/06\/MARTIN.jpg\" alt=\"\" \/><\/figure>\r\n<figure><img decoding=\"async\" src=\"https:\/\/loturafilms.eus\/wp-content\/uploads\/2023\/06\/MIGELTXO.jpg\" alt=\"\" \/><\/figure>\r\n<figure><img decoding=\"async\" src=\"https:\/\/loturafilms.eus\/wp-content\/uploads\/2023\/06\/MOKOTXIKI.jpg\" alt=\"\" \/><\/figure>\r\n<figure><img decoding=\"async\" src=\"https:\/\/loturafilms.eus\/wp-content\/uploads\/2023\/06\/NORA.jpg\" alt=\"\" \/><\/figure>\r\n<figure><img decoding=\"async\" src=\"https:\/\/loturafilms.eus\/wp-content\/uploads\/2023\/06\/TEANDRA.jpg\" alt=\"\" \/><\/figure>\r\n<!-- pagination -->","protected":false},"excerpt":{"rendered":"<p>LARGOMETRAJE 70 min Infantil, adolescente, familiar Las gallinas se han adue\u00f1ado de la ciudad.La lluvia se ha unido a los caracoles.Los ping\u00fcinos han invadido nuestras playas\u2026El mundo camina torcido, \u00e9sa es la opini\u00f3n de Garbi. Por si eso fuera poco, y sin pretenderlo, ella, la gata que pretende ser due\u00f1a de la noche, se ha&hellip;<\/p>\n","protected":false},"author":3,"featured_media":0,"parent":0,"menu_order":0,"comment_status":"closed","ping_status":"closed","template":"","meta":{"footnotes":""},"class_list":["post-2093","page","type-page","status-publish","hentry"],"_links":{"self":[{"href":"https:\/\/loturafilms.eus\/es\/wp-json\/wp\/v2\/pages\/2093","targetHints":{"allow":["GET"]}}],"collection":[{"href":"https:\/\/loturafilms.eus\/es\/wp-json\/wp\/v2\/pages"}],"about":[{"href":"https:\/\/loturafilms.eus\/es\/wp-json\/wp\/v2\/types\/page"}],"author":[{"embeddable":true,"href":"https:\/\/loturafilms.eus\/es\/wp-json\/wp\/v2\/users\/3"}],"replies":[{"embeddable":true,"href":"https:\/\/loturafilms.eus\/es\/wp-json\/wp\/v2\/comments?post=2093"}],"version-history":[{"count":0,"href":"https:\/\/loturafilms.eus\/es\/wp-json\/wp\/v2\/pages\/2093\/revisions"}],"wp:attachment":[{"href":"https:\/\/loturafilms.eus\/es\/wp-json\/wp\/v2\/media?parent=2093"}],"curies":[{"name":"wp","href":"https:\/\/api.w.org\/{rel}","templated":true}]}}