{"id":2274,"date":"2023-06-27T10:00:30","date_gmt":"2023-06-27T08:00:30","guid":{"rendered":"https:\/\/loturafilms.eus\/the-invisibles\/"},"modified":"2023-08-29T14:31:41","modified_gmt":"2023-08-29T12:31:41","slug":"los-invisibles","status":"publish","type":"page","link":"https:\/\/loturafilms.eus\/es\/los-invisibles\/","title":{"rendered":"Los Invisibles"},"content":{"rendered":"\n\n\t\t\t\t<img decoding=\"async\" src=\"https:\/\/loturafilms.eus\/wp-content\/uploads\/2023\/06\/TITULO_CAST.png\" alt=\"TITULO_CAST\" itemprop=\"image\" height=\"378\" width=\"1920\" title=\"TITULO_CAST\" onerror=\"this.style.display='none'\"  \/>\n\t<p>Serie:<strong> 26&#215;7\u00b4<\/strong><\/p>\n<p>Pre School <strong>6-10 A\u00d1OS<\/strong><\/p>\n<p><strong>2D<\/strong> por ordenador<\/p>\n<p>Ciencia, aventura y comedia<\/p>\n\t<article>\n<p>Bienvenido a Los Invisibles, una encantadora serie de animaci\u00f3n que te lleva en un cautivador viaje a trav\u00e9s de la historia del Planeta Tierra junto a un grupo de extraordinarios microorganismos. Sum\u00e9rjete en las maravillas del microcosmos a medida que se desarrolla la aventura de Los Invisibles y s\u00e9 testigo de la belleza de la exploraci\u00f3n, la unidad y la amistad. Con sorpresas y encuentros asombrosos, Los Invisibles promete ser una serie de animaci\u00f3n conmovedora que cautivar\u00e1 a p\u00fablicos de todas las edades, celebrando el poder de la curiosidad y la magia de establecer conexiones significativas con las criaturas m\u00e1s peque\u00f1as y maravillosas que habitan nuestro mundo.<\/p>\n<p>Est\u00e1 destinado a desarrollar la importancia de los micoorganismos, transmitiendo al mismo tiempo conocimientos cient\u00edficios y valores humanos fundamentales de forma atractiva y entretenida. El proyecto es obra del bi\u00f3logo Antton Alberdi, de la Universidad de Copenhage, y se ha desarrollado gracias a una din\u00e1mica colaboraci\u00f3n entre Lotura Films y la editorial Elkar. <\/p>\n<p>Con el compromiso de enriquecer el conocimiento y fomentar la curiosidad, \u00abLos Invisibles\u00bb ofrece una experiencia emocionante y educativa sobre las maravillas del microcosmos. Este cautivador proyecto pretende inspirar a j\u00f3venes y mayores por igual, fomentando la sensibilidad hacia las maravillas microsc\u00f3picas que dan forma a nuestro mundo y de las profundas conexiones que nos unen a todos.<\/p>\n<p><strong>LOS INVISIBLES, \u00a1PORQUE LA PARTE MA\u0301S ESPECTACULAR DE NUESTRO MUNDO NO ESTA\u0301 SIEMPRE A LA VISTA!<\/strong><\/p>\n<\/article>\n<h2>\n\t\tPERSONAJES\n\t<\/h2>\n\t\t\t\t<img decoding=\"async\" src=\"https:\/\/loturafilms.eus\/wp-content\/uploads\/bb-plugin\/cache\/PLASMA-square-d1ce547ea4ae6d046763c2ef42fbdb74-.png\" alt=\"PLASMA\" itemprop=\"image\" height=\"440\" width=\"380\" title=\"PLASMA\" onerror=\"this.style.display='none'\"  \/>\n<h3>PLASMA<\/h3>\t\t\n<p>Es el ma\u0301s antiguo y el ma\u0301s grun\u0303o\u0301n. Es conservador y refunfun\u0303a todo el rato, y no le gustan los cambios ni una pizca. Se enfada por todo. Aun asi\u0301, es muy fiel al grupo y si algo los amenaza, lo da todo por defender a sus compan\u0303eros.<\/p>\n\t\t\t\t<img decoding=\"async\" src=\"https:\/\/loturafilms.eus\/wp-content\/uploads\/bb-plugin\/cache\/ILUS-square-2d004c4e1627cf98d1f6f3b0e057b531-.png\" alt=\"ILUS\" itemprop=\"image\" height=\"440\" width=\"380\" title=\"ILUS\" onerror=\"this.style.display='none'\"  \/>\n<h3>ILUS<\/h3>\t\t\n<p>Es la outsider del grupo. Es son\u0303adora, juguetona y tiene una imaginacio\u0301n plena. Vive en su mundo.<\/p>\n<p>A menudo imagina el futuro, y el resto se ri\u0301en de ella. En sus momentos de iluminacio\u0301n, se vuelve como una especie de me\u0301dium, y menciona citas de cienti\u0301ficos modernos en los momentos ma\u0301s oportunos.<\/p>\n\t\t\t\t<img decoding=\"async\" src=\"https:\/\/loturafilms.eus\/wp-content\/uploads\/bb-plugin\/cache\/FLIN-square-2bbcc0fa4d0c2a34fb473fda2060a768-.png\" alt=\"FLIN\" itemprop=\"image\" height=\"440\" width=\"380\" title=\"FLIN\" onerror=\"this.style.display='none'\"  \/>\n<h3>FLIN<\/h3>\t\t\n<p>Es amiga de Los Invisibles. Es grande, sensible, simpa\u0301tica y amigable. Cuando no hay luz, su habla es lenta, como si tuviera suen\u0303o continuamente. En presencia de la luz, sin embargo, se enciende y se llena de energ\u00eda, y su habla es ma\u0301s ra\u0301pida.<\/p>\n\t\t\t\t<img decoding=\"async\" src=\"https:\/\/loturafilms.eus\/wp-content\/uploads\/bb-plugin\/cache\/PELI-square-3a9680137580cda311d61515579abfa6-.png\" alt=\"PELI\" itemprop=\"image\" height=\"440\" width=\"380\" title=\"PELI\" onerror=\"this.style.display='none'\"  \/>\n<h3>PELI<\/h3>\t\t\n<p>Es racional, cuadriculado y controlador. Le gusta consultarlo todo en los libros. Le cuesta actuar sin indicaciones o planes previos, y cuando hay que improvisar se pone nervioso y se bloquea.<\/p>\n\t\t\t\t<img decoding=\"async\" src=\"https:\/\/loturafilms.eus\/wp-content\/uploads\/bb-plugin\/cache\/META-square-a8c8c268dd241cfb384333b57ae8af30-.png\" alt=\"META\" itemprop=\"image\" height=\"440\" width=\"380\" title=\"META\" onerror=\"this.style.display='none'\"  \/>\n<h3>META<\/h3>\t\t\n<p>Es miedoso, pesimista y lloro\u0301n. Cuando tiene miedo, se echa pedos todo el rato.<\/p>\n<p>Normalmente es alargado y flacucho, pero con el calor su apariencia y su personalidad se transforman, y se vuelve fuerte y osado. Cambia de color y se torna musculoso. A veces, Los Invisibles tratan de calentarlo queriendo, para que se vuelva audaz. Cuando se pone fanfarro\u0301n, sus compan\u0303eros le echan agua fri\u0301a, para que este\u0301 como siempre.<\/p>\n\t\t\t\t<img decoding=\"async\" src=\"https:\/\/loturafilms.eus\/wp-content\/uploads\/bb-plugin\/cache\/ANTHRAX-square-112f62ab0cf3742aa8d0bc2d9325bcd9-.png\" alt=\"ANTHRAX\" itemprop=\"image\" height=\"440\" width=\"380\" title=\"ANTHRAX\" onerror=\"this.style.display='none'\"  \/>\n<h3>ANTHRAX<\/h3>\t\t\n<p>Es el antagonista de Los Invisibles, y su principal intencio\u0301n es aduen\u0303arse del mundo entero y de todos sus recursos. Se mueve con una ca\u0301psula de metal y cristal, pero le falla a menudo.<\/p>\n\t\t\t\t<img decoding=\"async\" src=\"https:\/\/loturafilms.eus\/wp-content\/uploads\/bb-plugin\/cache\/ARI-square-65eb3e5fdeea39f1ad129c0e02e7551a-.png\" alt=\"ARI\" itemprop=\"image\" height=\"440\" width=\"380\" title=\"ARI\" onerror=\"this.style.display='none'\"  \/>\n<h3>ARI<\/h3>\t\t\n<p>Es lista y positiva, pero totalmente cao\u0301tica. Es una amante nata de la tecnologi\u0301a, y siempre esta\u0301 inventa\u0301ndose algu\u0301n nuevo cachivache. A menudo actu\u0301a impulsivamente.<\/p>\n\t\t\t\t<img decoding=\"async\" src=\"https:\/\/loturafilms.eus\/wp-content\/uploads\/bb-plugin\/cache\/FAGO-square-16e4e4c4420375c804cd6b32f2039442-.png\" alt=\"FAGO\" itemprop=\"image\" height=\"440\" width=\"380\" title=\"FAGO\" onerror=\"this.style.display='none'\"  \/>\n<h3>FAGO<\/h3>\t\t\n<p>Es pi\u0301caro y ra\u0301pido. No habla, pero expresa sus emociones de manera muy transparente.<\/p>\n\t\t\t\t<img decoding=\"async\" src=\"https:\/\/loturafilms.eus\/wp-content\/uploads\/bb-plugin\/cache\/SHIGELLA-square-14823e03ffee1f41c75a4e1240bd1dcf-.png\" alt=\"SHIGELLA\" itemprop=\"image\" height=\"440\" width=\"380\" title=\"SHIGELLA\" onerror=\"this.style.display='none'\"  \/>\n<h3>LOS SHIGELLA<\/h3>\t\t\n<p>Son el escuadro\u0301n de Anthrax, y siempre van por detra\u0301s suyo. Les gusta divertirse y jugar, y, por eso, muchas veces, no comprenden del todo las o\u0301rdenes de Anthrax y le traen problemas, pues ponen sus planes patas arriba.<\/p>\n\t\t\t\t<img decoding=\"async\" src=\"https:\/\/loturafilms.eus\/wp-content\/uploads\/bb-plugin\/cache\/MARGARITA-square-9ed42b88d4891a14b78e53f5a2dc27de-.png\" alt=\"MARGARITA\" itemprop=\"image\" height=\"440\" width=\"380\" title=\"MARGARITA\" onerror=\"this.style.display='none'\"  \/>\n<h3>MARGARITA<\/h3>\t\t\n<p>Es la piloto y la meca\u0301nica de Luminis; la fuerza bruta del grupo. Es basta y habla a gritos, pero tambie\u0301n es sensible y coqueta. Le gusta la mu\u0301sica rock, y es la u\u0301nica que controla la radio de Luminis. Utiliza la fuerza para arreglarlo todo, y eso les acarreara\u0301 ma\u0301s de un problema a Los Invisibles.<\/p>\n\t\t\t\t<img decoding=\"async\" src=\"https:\/\/loturafilms.eus\/wp-content\/uploads\/bb-plugin\/cache\/BIBI-square-3b8cdbecc231c6f074cc22ecc16d947c-.png\" alt=\"BIBI\" itemprop=\"image\" height=\"440\" width=\"380\" title=\"BIBI\" onerror=\"this.style.display='none'\"  \/>\n<h3>BIBI<\/h3>\t\t\n<p>Es amigo de Los Invisibles. Es un farandulero total, y muy divertido. Cada vez aparece transformado, y viste complementos diferentes. Le gusta disfrazarse.<\/p>\n<p>Puede generar luz, y por eso, esta\u0301 obsesionado con las cosas luminosas.<\/p>\n<h2>\n\t\tGALER\u00cdA\n\t<\/h2>\n\t\t\t\t\t\t<figure>\n\t\t\t\t\t\t\t\t\t\t\t\t\t\t\t<img decoding=\"async\" src=\"https:\/\/loturafilms.eus\/wp-content\/uploads\/2023\/06\/FRAME_01-scaled.jpg\" alt=\"\" \/>\n\t\t\t\t\t\t\t\t\t\t\t\t\t<\/figure>\n\t\t\t\t\t\t<figure>\n\t\t\t\t\t\t\t\t\t\t\t\t\t\t\t<img decoding=\"async\" src=\"https:\/\/loturafilms.eus\/wp-content\/uploads\/2023\/06\/FRAME_02-scaled.jpg\" alt=\"\" \/>\n\t\t\t\t\t\t\t\t\t\t\t\t\t<\/figure>\n\t\t\t\t\t\t<figure>\n\t\t\t\t\t\t\t\t\t\t\t\t\t\t\t<img decoding=\"async\" src=\"https:\/\/loturafilms.eus\/wp-content\/uploads\/2023\/06\/FRAME_03-scaled.jpg\" alt=\"\" \/>\n\t\t\t\t\t\t\t\t\t\t\t\t\t<\/figure>\n\t\t\t\t\t\t<figure>\n\t\t\t\t\t\t\t\t\t\t\t\t\t\t\t<img decoding=\"async\" src=\"https:\/\/loturafilms.eus\/wp-content\/uploads\/2023\/06\/FRAME_04-scaled.jpg\" alt=\"\" \/>\n\t\t\t\t\t\t\t\t\t\t\t\t\t<\/figure>\n\t\t\t\t\t\t<figure>\n\t\t\t\t\t\t\t\t\t\t\t\t\t\t\t<img decoding=\"async\" src=\"https:\/\/loturafilms.eus\/wp-content\/uploads\/2023\/06\/FRAME_05.jpg\" alt=\"\" \/>\n\t\t\t\t\t\t\t\t\t\t\t\t\t<\/figure>\n\t\t\t\t\t\t<figure>\n\t\t\t\t\t\t\t\t\t\t\t\t\t\t\t<img decoding=\"async\" src=\"https:\/\/loturafilms.eus\/wp-content\/uploads\/2023\/06\/FRAME_06.png\" alt=\"\" \/>\n\t\t\t\t\t\t\t\t\t\t\t\t\t<\/figure>\n\t\t\t\t\t\t<figure>\n\t\t\t\t\t\t\t\t\t\t\t\t\t\t\t<img decoding=\"async\" src=\"https:\/\/loturafilms.eus\/wp-content\/uploads\/2023\/06\/FRAME_07.jpg\" alt=\"\" \/>\n\t\t\t\t\t\t\t\t\t\t\t\t\t<\/figure>\n\t\t\t\t\t\t<figure>\n\t\t\t\t\t\t\t\t\t\t\t\t\t\t\t<img decoding=\"async\" src=\"https:\/\/loturafilms.eus\/wp-content\/uploads\/2023\/06\/FRAME_08.jpg\" alt=\"\" \/>\n\t\t\t\t\t\t\t\t\t\t\t\t\t<\/figure>\n\t\t\t\t\t\t<figure>\n\t\t\t\t\t\t\t\t\t\t\t\t\t\t\t<img decoding=\"async\" src=\"https:\/\/loturafilms.eus\/wp-content\/uploads\/2023\/06\/FRAME_09.jpg\" alt=\"\" \/>\n\t\t\t\t\t\t\t\t\t\t\t\t\t<\/figure>\n\t\t\t\t\t\t<!-- pagination -->\n\n","protected":false},"excerpt":{"rendered":"<p>Serie: 26&#215;7\u00b4 Pre School 6-10 A\u00d1OS 2D por ordenador Ciencia, aventura y comedia Bienvenido a Los Invisibles, una encantadora serie de animaci\u00f3n que te lleva en un cautivador viaje a trav\u00e9s de la historia del Planeta Tierra junto a un grupo de extraordinarios microorganismos. Sum\u00e9rjete en las maravillas del microcosmos a medida que se desarrolla&hellip;<\/p>\n","protected":false},"author":3,"featured_media":0,"parent":0,"menu_order":0,"comment_status":"closed","ping_status":"closed","template":"","meta":{"footnotes":""},"class_list":["post-2274","page","type-page","status-publish","hentry"],"_links":{"self":[{"href":"https:\/\/loturafilms.eus\/es\/wp-json\/wp\/v2\/pages\/2274","targetHints":{"allow":["GET"]}}],"collection":[{"href":"https:\/\/loturafilms.eus\/es\/wp-json\/wp\/v2\/pages"}],"about":[{"href":"https:\/\/loturafilms.eus\/es\/wp-json\/wp\/v2\/types\/page"}],"author":[{"embeddable":true,"href":"https:\/\/loturafilms.eus\/es\/wp-json\/wp\/v2\/users\/3"}],"replies":[{"embeddable":true,"href":"https:\/\/loturafilms.eus\/es\/wp-json\/wp\/v2\/comments?post=2274"}],"version-history":[{"count":0,"href":"https:\/\/loturafilms.eus\/es\/wp-json\/wp\/v2\/pages\/2274\/revisions"}],"wp:attachment":[{"href":"https:\/\/loturafilms.eus\/es\/wp-json\/wp\/v2\/media?parent=2274"}],"curies":[{"name":"wp","href":"https:\/\/api.w.org\/{rel}","templated":true}]}}